{"id":939,"date":"2023-09-15T23:17:37","date_gmt":"2023-09-15T21:17:37","guid":{"rendered":"https:\/\/transnationinnovation.de\/?page_id=939"},"modified":"2025-11-06T14:18:44","modified_gmt":"2025-11-06T13:18:44","slug":"teilnahmebedingungen","status":"publish","type":"page","link":"https:\/\/transnationinnovation.de\/en\/teilnahmebedingungen\/","title":{"rendered":"Teilnahmebedingungen f\u00fcr Veranstaltungen im Rahmen von Trans-Nation Co-Creation"},"content":{"rendered":"<div data-elementor-type=\"wp-page\" data-elementor-id=\"939\" class=\"elementor elementor-939\" data-elementor-post-type=\"page\">\n\t\t\t\t<div class=\"elementor-element elementor-element-d4eeb79 e-flex e-con-boxed e-con e-parent\" data-id=\"d4eeb79\" data-element_type=\"container\" data-e-type=\"container\">\n\t\t\t\t\t<div class=\"e-con-inner\">\n\t\t<div class=\"elementor-element elementor-element-aa32a73 e-flex e-con-boxed e-con e-child\" data-id=\"aa32a73\" data-element_type=\"container\" data-e-type=\"container\" data-settings=\"{&quot;background_background&quot;:&quot;classic&quot;}\">\n\t\t\t\t\t<div class=\"e-con-inner\">\n\t\t\t\t<div class=\"elementor-element elementor-element-cacd39c elementor-widget elementor-widget-text-editor\" data-id=\"cacd39c\" data-element_type=\"widget\" data-e-type=\"widget\" data-widget_type=\"text-editor.default\">\n\t\t\t\t<div class=\"elementor-widget-container\">\n\t\t\t\t\t\t\t\t\t<h2>Teilnahmebedingungen f\u00fcr Veranstaltungen im Rahmen von Trans-Nation Co-Creation<\/h2>\n<h3>1) Gegenstand<\/h3>\n<p>Die Stiftung Universit\u00e4t L\u00fcneburg (nachfolgend \u201eVeranstalter\u201c genannt), Universit\u00e4tsallee 1, 21335 L\u00fcneburg, ist Veranstalter verschiedener Formate im Rahmen des Projektes Trans-Nation Co-Creation (nachfolgend \u201eTNCC-Projekt\u201c genannt).<\/p>\n<p>Im Einzelnen handelt es sich um folgende Veranstaltungen:<\/p>\n<ul>\n<li>3\u00d7 Workshops (2\u00d7 vor Ort, 1\u00d7 online)<\/li>\n<li>3\u00d7 Co-Creation-Meetings (1\u00d7 vor Ort, 2\u00d7 online)<\/li>\n<li><span style=\"background-color: transparent; color: var( --e-global-color-text ); font-family: var( --e-global-typography-text-font-family ), Sans-serif; font-weight: var( --e-global-typography-text-font-weight ); text-align: var(--text-align);\">4-Tages Event im Silicon Valley<\/span><\/li>\n<\/ul>\n<p>Das TNCC-Projekt findet von 2026 bis 2027 statt. Die genauen Termine k\u00f6nnen der Webseite des Veranstalters entnommen werden (https:\/\/transnationinnovation.de). Die Teilnahme an den o. g. Veranstaltungen ist kostenlos. Es besteht kein Anspruch auf \u00dcbernahme f\u00fcr Reise-, Unterkunfts- oder Verpflegungskosten.<\/p>\n<p>Der Veranstalter ist berechtigt, den Ablauf oder die Zeit aus wichtigem Grund zu \u00e4ndern.<\/p>\n<p>Im Rahmen des TNCC-Projekts werden Inhalte in Vortr\u00e4gen von Referent*innen vermittelt oder in Workshops unter Beteiligung der Teilnehmenden und Anleitung von Referent*innen gemeinsam erarbeitet. Einzelheiten zum Programm des TNCC befinden sich auf der Website des Veranstalters zum TNCC-Projekt unter https:\/\/transnationinnovation.de<\/p>\n<p>\u00c4nderungen der Teilnahmebedingungen sind dem Veranstalter jederzeit vorbehalten.<\/p>\n<p>Mit der Registrierung zur Veranstaltung best\u00e4tigt der\/die Teilnehmer*In, dass er\/sie die folgenden Teilnahmebedingungen sorgf\u00e4ltig gelesen, verstanden hat und deren Inhalten ausdr\u00fccklich zustimmt, alle hierin genannten Rechte und Pflichten befolgt\/einr\u00e4umt\/\u00fcbertr\u00e4gt.<\/p>\n<h3>2) Anmeldung<\/h3>\n<p>Die Anmeldung erfolgt \u00fcber ein Online-Formular, das w\u00e4hrend des auf der Website des Veranstalters angegebenen Bewerbungszeitraums bereitgestellt wird.<\/p>\n<p>Eine Teilnahme am TNCC-Projekt ist erst ab 18 Jahren m\u00f6glich: Die Beteiligung von unter 18-j\u00e4hrigen ist nur gemeinsam mit einem Elternteil m\u00f6glich.<\/p>\n<p>Bei der Anmeldung m\u00fcssen den Organisatoren des TNCC-Projekts s\u00e4mtliche Informationen, welche im Anmeldeformular abgefragt werden, vollst\u00e4ndig und wahrheitsgem\u00e4\u00df zur Verf\u00fcgung gestellt werden.<\/p>\n<p>Das TNCC-Projekt hat eine Kapazit\u00e4tsobergrenze f\u00fcr die Teilnehmenden. Der Veranstalter beh\u00e4lt sich deshalb zu jeder Zeit vor, die Bewerbungsm\u00f6glichkeit zu schlie\u00dfen. Der Veranstalter beh\u00e4lt sich ebenfalls vor, nicht beanspruchte Teilnehmerpl\u00e4tze neu bzw. nicht zu besetzen.<\/p>\n<p>Die Anmeldung wird erst durch die Anmeldebest\u00e4tigung des Veranstalters per E-Mail wirksam. Mit der Anmeldebest\u00e4tigung erh\u00e4lt die\/der Teilnehmende die f\u00fcr die Teilnahme erforderlichen Zugangsdaten. Die Anmeldung ist verbindlich und kann nicht auf Dritte \u00fcbertragen werden.<\/p>\n<h3>3) Verarbeitung pers\u00f6nlicher Daten des\/der Teilnehmer*in<\/h3>\n<p>Der Veranstalter sammelt und verarbeitet Daten, einschlie\u00dflich personenbezogener Daten im Zusammenhang mit der gesamten Durchf\u00fchrung des TNCC-Projekts. Soweit der Veranstalter gem\u00e4\u00df den geltenden Gesetzen als Verantwortlicher f\u00fcr die Datenverarbeitung dieser Daten angesehen wird, informieren die Organisatoren des TNCC-Projekts die betroffenen Personen \u00fcber die Verarbeitung in den Datenschutzrichtlinien des Veranstalters und verarbeitet diese personenbezogenen Daten in \u00dcbereinstimmung mit den jeweils geltenden Datenschutzrichtlinien des Veranstalters. Die Datenschutzrichtlinien TNCC-Projekts k\u00f6nnen auf der Veranstaltungswebsite unter https:\/\/transnationinnovation.de\/datenschutzerklaerung\/ eingesehen werden.<\/p>\n<p>Der Veranstalter hat das Recht, anonyme Nutzerdaten und statistische Daten aus Teilnehmerdaten zu generieren. Der Veranstalter beh\u00e4lt sich alle Rechte an solchen anonymisierten Daten vor.<\/p>\n<h3>4) Foto- und Filmaufnahmen durch den Veranstalter<\/h3>\n<p>Im Rahmen der Veranstaltung werden durch den Veranstalter selbst Bild-, Ton- und\/oder Filmaufnahmen erstellt.<\/p>\n<p>Mit der Registrierung zur Veranstaltung willigt der\/die Teilnehmer*in in die unentgeltliche Verwendung der vom Veranstalter erstellten Foto-, Ton- und Filmaufnahmen sowie deren anschlie\u00dfende Verwertung in allen Medien insbesondere auch in die mediale Verbreitung \u00fcber das Internet durch den Veranstalter und\/oder durch Dritte ein. Das Recht zur Verwendung und Verwertung ist zeitlich und r\u00e4umlich uneingeschr\u00e4nkt. Ferner umfasst es die Verbreitung in allen Sprachen.<\/p>\n<p>Der\/die Teilnehmer*in nimmt zur Kenntnis, dass Informationen im Internet weltweit zug\u00e4nglich sind, von Suchmaschinen gefunden und mit anderen Informationen verkn\u00fcpft werden k\u00f6nnen. Dies f\u00fchrt unter Umst\u00e4nden dazu, dass personenbezogene Daten (z.B. Bilder) nur mit erheblichem Aufwand, bzw. in Einzelf\u00e4llen praktisch nicht mehr entfernt werden k\u00f6nnen. Im Internet abrufbare Informationen k\u00f6nnen von Dritten kopiert und weiterverbreitet werden. Es besteht daher die Gefahr, dass im Internet ver\u00f6ffentlichte Informationen auch nach ihrer L\u00f6schung am urspr\u00fcnglichen Ort der Ver\u00f6ffentlichung weiterhin auffindbar bleiben. Soweit Ver\u00f6ffentlichungen in sozialen Medien erfolgen, ist dem Teilnehmenden bekannt, dass der Veranstalter auf die dortige Anzahl der Verbreitungshandlungen keinen Einfluss hat.<\/p>\n<p>Die vorstehende Einwilligungserkl\u00e4rung kann jederzeit mit Wirkung f\u00fcr die Zukunft widerrufen werden. Der Widerruf bewirkt, dass ver\u00f6ffentlichtes Bildmaterial aus dem jeweiligen Internetauftritt entfernt wird und keine weiteren Fotos eingestellt werden. Beim Einstellen in bestimmte soziale Medien kann nicht ausgeschlossen werden, dass eine vollst\u00e4ndige L\u00f6schung der Fotos nicht m\u00f6glich ist.<\/p>\n<p>Der\/die Teilnehmer*in nimmt zur Kenntnis, dass eine L\u00f6schung der Bilder aus dem Internetauftritt des Veranstalters und seiner beauftragten Dritten bis zu drei Werktage nach Eingang des Widerrufs dauern kann. Bei Druckerzeugnissen bewirkt der Widerruf, dass der Veranstalter in Neuauflagen der bereits gedruckten Erzeugnisse das jeweilige Bildmaterial nicht mehr ver\u00f6ffentlicht.<\/p>\n<h3>5) Foto- und Filmaufnahmen durch die Teilnehmer*innen<\/h3>\n<p>Die Aufzeichnung des Verlaufs des EAP durch die Teilnehmenden in Audio oder Video ist ohne Genehmigung des Veranstalters unzul\u00e4ssig.<\/p>\n<h3>6) Verhaltensregeln und Teilnehmerausschluss<\/h3>\n<p>Ein\/e Teilnehmer*In ist nicht berechtigt, eine der folgenden Handlungen vorzunehmen:<\/p>\n<ul>\n<li>sich im Namen eines anderen Teilnehmers anzumelden;<\/li>\n<li>die Kollaborationsplattformen, f\u00fcr die \u00dcbermittlung von unautorisierter Werbung, Werbematerial, Junk-Mail, Spam, Kettenbriefen, Wettbewerben, Pyramidensystemen oder anderen Formen der Werbung oder Massennachrichten zu nutzen;<\/li>\n<li>einen der Drittdienste, die bei der Veranstaltung verwendet werden, in rechtswidriger Art und Weise zu benutzen, um insbesondere, aber nicht abschlie\u00dfend Material zu \u00fcbertragen, das Adware, Malware, Spyware, Softwareviren, W\u00fcrmer oder andere Computercodes enth\u00e4lt, die darauf abzielen, die Funktionalit\u00e4t von Computersoftware oder -ger\u00e4ten zu unterbrechen, zu zerst\u00f6ren oder einzuschr\u00e4nken;<\/li>\n<li>Inhalte der Veranstaltungswebsite oder der bei der Veranstaltung genutzten Dienste Dritter unter Verletzung der Rechte am geistigen Eigentum, von Gesch\u00e4ftsgeheimnissen oder der Privatsph\u00e4re Dritter zu nutzen.<\/li>\n<\/ul>\n<p>Das TNCC-Projekt ist darauf ausgerichtet, eine sichere und angenehme Umgebung und ein bel\u00e4stigungsfreies Erlebnis f\u00fcr alle zu gew\u00e4hrleisten, unabh\u00e4ngig von:<\/p>\n<ul>\n<li>Geschlechtsidentit\u00e4t und -ausdruck<\/li>\n<li>Alter<\/li>\n<li>sexuelle Orientierung<\/li>\n<li>Behinderung<\/li>\n<li>K\u00f6rperliche Erscheinung<\/li>\n<li>Ethnizit\u00e4t<\/li>\n<li>Staatsangeh\u00f6rigkeit<\/li>\n<li>Religion<\/li>\n<li>politische Ansichten<\/li>\n<li>fehlende fachlichen oder methodischen Erfahrungen<\/li>\n<li>Computererfahrung oder Mangel daran<\/li>\n<li>gew\u00e4hlte Programmiersprache oder Technik-F\u00e4higkeiten<\/li>\n<\/ul>\n<p>Wir tolerieren keine Bel\u00e4stigung von Teilnehmenden in irgendeiner Form. Sexualisierte Sprache und Bilder sind an keinem Ort des TNCC-Projekts angebracht.<\/p>\n<p>Teilnehmende, die gegen diese Regeln versto\u00dfen, k\u00f6nnen nach dem Ermessen des Veranstalters sanktioniert oder von dem TNCC-Projekt ausgeschlossen werden.<br>Der Veranstalter, seine Mitarbeitenden und ihre gesetzlichen Vertreter sowie ggf. ihre Erf\u00fcllungsgehilfen \u00fcben im Rahmen der gesamten Veranstaltung das Hausrecht aus und sind gegen\u00fcber dem Teilnehmenden weisungsbefugt. Ferner beh\u00e4lt sich der Veranstalter das Recht vor, f\u00fcr den Fall einer eingetretenen oder konkret drohenden Zuwiderhandlung eines Teilnehmenden gegen diese Teilnahmebedingungen, diesen betreffenden Teilnehmenden von der weiteren Teilnahme an der Veranstaltung auszuschlie\u00dfen.<\/p>\n<p>Der Veranstalter beh\u00e4lt sich das Recht vor, die Durchf\u00fchrung der Veranstaltung ganz oder teilweise auszusetzen, abzusagen oder zu beenden, sofern dies zur Abwehr einer unmittelbaren Gefahr f\u00fcr das Rechtsgut eines Dritten notwendig und erforderlich ist.<\/p>\n<h3>7) Nutzungsrecht<\/h3>\n<p>Die Arbeitsunterlagen der Referent*innen unterliegen dem Urheberrechtsschutz sowie den sonstigen gesetzlichen Schutzrechten. Die Arbeitsunterlagen sind ausschlie\u00dflich f\u00fcr den pers\u00f6nlichen Gebrauch des Teilnehmenden bestimmt. Jede andere Nutzung, insbesondere jede Weitergabe, Vervielf\u00e4ltigung, \u00f6ffentliche Zug\u00e4nglichmachung oder sonstige Verbreitung, ist ohne eine vorherige schriftliche Zustimmung der Leuphana Universit\u00e4t L\u00fcneburg bzw. des\/der jeweiligen Urhebers\/-in unzul\u00e4ssig. Es gelten die Bestimmungen des deutschen Urheberrechtsgesetz.<\/p>\n<p>Unabh\u00e4ngig von der Frage, ob an einer konkreten Arbeitsunterlage ein Urheberrecht oder ein sonstiges Schutzrecht besteht, verpflichtet sich jede\/-r Teilnehmer*in mit seiner Registrierung vertraglich, die Arbeitsunterlagen nur f\u00fcr seinen pers\u00f6nlichen Gebrauch zu verwenden und weitere Nutzungen &#8211; wie oben in Absatz 1 beschrieben &#8211; zu unterlassen.<\/p>\n<p>Alle Rechte zur Verwertung der im Rahmen der Workshops des TNCC-Projekts durch die Teilnehmenden entstehenden neuen Werke verbleiben bei den Teilnehmenden. Soweit ein*e Teilnehmende*r den anderen an der Durchf\u00fchrung beteiligten Teilnehmenden im Rahmen des TNCC-Projekts schutzf\u00e4hige Werke im Sinne des Urheberrechts zug\u00e4nglich macht, erteilt die\/der Teilnehmende den anderen Teilnehmenden ein einfaches nicht-\u00fcbertragbares unentgeltliches Nutzungsrecht im Hinblick auf alle Verwertungshandlungen, die zur Durchf\u00fchrung der Veranstaltung erforderlich sind. Das Nutzungsrecht ist zeitlich auf die Dauer des TNCC-Projekts beschr\u00e4nkt.<\/p>\n<p>Die\/der Teilnehmende stellt sicher, dass die Gew\u00e4hrung von Rechten sowie der vorstehende Verzicht weder im Widerspruch zu Rechten Dritter steht. Auf Verlangen des Veranstalters ist die\/der Teilnehmende verpflichtet nachzuweisen, wie er\/ sie dies sichergestellt hat. Der Teilnehmende sichert zu, im Rahmen des TNCC-Projekts lediglich eigene Ideen und Rechte einzubringen. Der Teilnehmende ist verpflichtet, die Verwendung von Rechten Dritter vorab offenzulegen.<\/p>\n<p>Die Teilnehmer*Innen erkennen an, dass der Veranstalter oder Andere eventuell \u00e4hnliche oder identische Beitr\u00e4ge entwickelt haben oder entwickeln werden, und dass sie auf m\u00f6gliche Anspr\u00fcche, die aus diesen \u00c4hnlichkeiten resultieren, verzichten.<\/p>\n<h3>8) Haftung<\/h3>\n<p>Das TNCC-Projekt wird durch die Leuphana Universit\u00e4t L\u00fcneburg nach bestem Wissen und Kenntnis- stand vorbereitet. Haftung und Gew\u00e4hr f\u00fcr die Korrektheit, Aktualit\u00e4t, Vollst\u00e4ndigkeit und Qualit\u00e4t der Inhalte und des Ablaufs sind ausgeschlossen. Der Veranstalter ist nicht verantwortlich und \u00fcbernimmt keine Haftung f\u00fcr Inhalte der Teilnehmer*innen und unterst\u00fctzt auch nicht die darin enthaltenen Meinungen.<\/p>\n<p>Der Veranstalter \u00fcbernimmt damit keine Haftung f\u00fcr Sch\u00e4den, die nicht auf grober Fahrl\u00e4ssigkeit oder Vorsatz beruhen. Die Haftung wegen Verletzung von Leben, K\u00f6rper und Gesundheit bleibt hiervon unber\u00fchrt.<\/p>\n<p>Der Veranstalter ist berechtigt, jederzeit \u00c4nderungen an der Veranstaltung vorzunehmen, die Veranstaltung abzubrechen oder im Vorfeld abzusagen. Ein Schadensersatzanspruch des Teilnehmenden gegen den Veranstalter besteht in diesem Falle nicht.<\/p>\n<p>Der Inhalt auf der Veranstaltungswebsite einschlie\u00dflich, aber nicht beschr\u00e4nkt auf Text, Grafiken, Bilder, Links und andere Materialien dient nur zu Informationszwecken. Der Veranstalter empfiehlt oder bef\u00fcrwortet keine spezifische Software oder andere Informationen, die auf den CT-X-Websites erw\u00e4hnt werden. Das Vertrauen auf Informationen, die auf den Event- Websites zur Verf\u00fcgung gestellt werden, erfolgt ausschlie\u00dflich auf eigenes Risiko.<\/p>\n<h3>9) Schlussbestimmungen<\/h3>\n<p>Diese Vereinbarung gilt nur f\u00fcr das TNCC-Projekts und alle damit verbundenen Dienste.<\/p>\n<p>Sollte eine Bestimmung dieser Vereinbarung f\u00fcr ung\u00fcltig erkl\u00e4rt werden, bleibt der Rest dieser Vereinbarung in vollem Umfang in Kraft und wirksam.<\/p>\n<p>Durch diese Bedingungen wird keine Agentur, Partnerschaft oder Besch\u00e4ftigung geschaffen.<\/p>\n<p>F\u00fcr diese Teilnahmebedingungen und das daraus entstehende Rechtsverh\u00e4ltnis gilt deutsches Recht. Ausschlie\u00dflicher Gerichtsstand ist L\u00fcneburg f\u00fcr alle daraus entstehenden rechtlichen Auseinandersetzungen, soweit dem nicht zwingendes Recht entgegensteht.<\/p>\n<p>Sollten einzelne Bestimmungen dieser Teilnahmebedingungen ganz oder teilweise unwirksam sein oder werden, wird die Geltung der \u00fcbrigen Bestimmungen hiervon nicht ber\u00fchrt.<\/p>\n<h3>10) Widerrufsbelehrung f\u00fcr Verbraucher (bei elektronischer Anmeldung)<\/h3>\n<p>Das nachfolgende Widerrufsrecht gilt nur f\u00fcr Verbraucher im Sinne des \u00a7 13 BGB und besteht daher nicht bei Vertr\u00e4gen, die von Unternehmern im Sinne des \u00a7 14 BGB im Rahmen ihrer gewerblichen oder selbst\u00e4ndigen beruflichen T\u00e4tigkeit mit der Leuphana Universit\u00e4t L\u00fcneburg geschlossen werden.<\/p>\n<h2>Widerrufsbelehrung<\/h2>\n<h3>Widerrufsrecht<\/h3>\n<p>Sie haben das Recht, binnen vierzehn Tagen ohne Angabe von Gr\u00fcnden diesen Vertrag zu widerrufen. Das Widerrufsrecht betr\u00e4gt 14 Tage ab Vertragsschluss.<br>Um Ihr Widerrufsrecht auszu\u00fcben, m\u00fcssen Sie uns, Leuphana Universit\u00e4t L\u00fcneburg, Institut f\u00fcr Performance Management, Universit\u00e4tsallee 1, 21335 L\u00fcneburg, Fon +49.4131.677-1862, Mail tncc@leuphana.de, mittels einer eindeutigen Erkl\u00e4rung (z.B. ein mit der Post versandter Brief oder E-Mail) \u00fcber Ihren Entschluss, diesen Vertrag zu widerrufen, informieren. Sie k\u00f6nnen daf\u00fcr das beigef\u00fcgte Muster-Widerrufsformular verwenden, das jedoch nicht vorgeschrieben ist. Zur Wahrung der Widerrufsfrist reicht es aus, dass Sie die Mitteilung \u00fcber die Aus\u00fcbung des Widerrufsrechts vor Ablauf der Widerrufsfrist absenden.<br>Folgen des Widerrufs<br>Wenn Sie diesen Vertrag widerrufen, haben wir Ihnen alle Zahlungen, die wir von Ihnen erhalten haben, einschlie\u00dflich der Lieferkosten (mit Ausnahme der zus\u00e4tzlichen Kosten, die sich daraus ergeben, dass Sie eine andere Art der Lieferung als die von uns angebotene, g\u00fcnstigste Standardlieferung gew\u00e4hlt haben), unverz\u00fcglich und sp\u00e4testens binnen vierzehn Tagen ab dem Tag zur\u00fcckzuzahlen, an dem die Mitteilung \u00fcber Ihren Widerruf dieses Vertrags bei uns eingegangen ist. F\u00fcr diese R\u00fcckzahlung verwenden wir dasselbe Zahlungsmittel, das Sie bei der urspr\u00fcnglichen Transaktion eingesetzt haben, es sei denn, mit Ihnen wurde ausdr\u00fccklich etwas anderes vereinbart; in keinem Fall werden Ihnen wegen dieser R\u00fcckzahlung Entgelte berechnet.<\/p>\n<h3>Muster-Widerrufsformular<\/h3>\n<p>(Wenn Sie den Vertrag widerrufen wollen, dann f\u00fcllen Sie bitte dieses Formular aus und senden Sie es zur\u00fcck.)<\/p>\n<p>An <br>Cody Long<br>Institut f\u00fcr Performance Management<br>Universit\u00e4tsallee 1<br>21335 L\u00fcneburg<br>E-Mail: tncc@leuphana.de<\/p>\n<p>Hiermit widerrufe(n) ich\/wir (*) den von mir\/uns (*) abgeschlossenen Vertrag \u00fcber den Kauf der folgenden Waren (*)\/die Erbringung der folgenden Dienstleistung (*) \u2013<br>Bestellt am (*)\/erhalten am (*)<\/p>\n<p>Name des\/der Verbraucher(s)<\/p>\n<p>Anschrift des\/der Verbraucher(s)<\/p>\n<p>Unterschrift des\/der Verbraucher(s) (nur bei Mitteilung auf Papier) \u2013<br>Datum<\/p>\n<p>(*) Unzutreffendes streichen.<\/p>\t\t\t\t\t\t\t\t<\/div>\n\t\t\t\t<\/div>\n\t\t\t\t\t<\/div>\n\t\t\t\t<\/div>\n\t\t\t\t\t<\/div>\n\t\t\t\t<\/div>\n\t\t\t\t<\/div>","protected":false},"excerpt":{"rendered":"<p>Teilnahmebedingungen f\u00fcr Veranstaltungen im Rahmen von Trans-Nation Co-Creation 1) Gegenstand Die Stiftung Universit\u00e4t L\u00fcneburg (nachfolgend \u201eVeranstalter\u201c genannt), Universit\u00e4tsallee 1, 21335 L\u00fcneburg, ist Veranstalter verschiedener Formate im Rahmen des Projektes Trans-Nation Co-Creation (nachfolgend \u201eTNCC-Projekt\u201c genannt). Im Einzelnen handelt es sich um folgende Veranstaltungen: 3\u00d7 Workshops (2\u00d7 vor Ort, 1\u00d7 online) 3\u00d7 Co-Creation-Meetings (1\u00d7 vor Ort, 2\u00d7 [&hellip;]<\/p>\n","protected":false},"author":1,"featured_media":0,"parent":0,"menu_order":0,"comment_status":"closed","ping_status":"closed","template":"","meta":{"_acf_changed":false,"inline_featured_image":false,"footnotes":""},"class_list":["post-939","page","type-page","status-publish","hentry"],"acf":[],"_links":{"self":[{"href":"https:\/\/transnationinnovation.de\/en\/wp-json\/wp\/v2\/pages\/939","targetHints":{"allow":["GET"]}}],"collection":[{"href":"https:\/\/transnationinnovation.de\/en\/wp-json\/wp\/v2\/pages"}],"about":[{"href":"https:\/\/transnationinnovation.de\/en\/wp-json\/wp\/v2\/types\/page"}],"author":[{"embeddable":true,"href":"https:\/\/transnationinnovation.de\/en\/wp-json\/wp\/v2\/users\/1"}],"replies":[{"embeddable":true,"href":"https:\/\/transnationinnovation.de\/en\/wp-json\/wp\/v2\/comments?post=939"}],"version-history":[{"count":13,"href":"https:\/\/transnationinnovation.de\/en\/wp-json\/wp\/v2\/pages\/939\/revisions"}],"predecessor-version":[{"id":2672,"href":"https:\/\/transnationinnovation.de\/en\/wp-json\/wp\/v2\/pages\/939\/revisions\/2672"}],"wp:attachment":[{"href":"https:\/\/transnationinnovation.de\/en\/wp-json\/wp\/v2\/media?parent=939"}],"curies":[{"name":"wp","href":"https:\/\/api.w.org\/{rel}","templated":true}]}}