{"id":934,"date":"2023-09-15T23:12:48","date_gmt":"2023-09-15T21:12:48","guid":{"rendered":"https:\/\/transnationinnovation.de\/?page_id=934"},"modified":"2023-09-15T23:16:12","modified_gmt":"2023-09-15T21:16:12","slug":"avb","status":"publish","type":"page","link":"https:\/\/transnationinnovation.de\/en\/avb\/","title":{"rendered":"Allgemeine Vertragsbedingungen Trans-Nation Co-Creation Projekt (TNCC)"},"content":{"rendered":"<div data-elementor-type=\"wp-page\" data-elementor-id=\"934\" class=\"elementor elementor-934\" data-elementor-post-type=\"page\">\n\t\t\t\t<div class=\"elementor-element elementor-element-d4eeb79 e-flex e-con-boxed e-con e-parent\" data-id=\"d4eeb79\" data-element_type=\"container\" data-e-type=\"container\">\n\t\t\t\t\t<div class=\"e-con-inner\">\n\t\t<div class=\"elementor-element elementor-element-aa32a73 e-flex e-con-boxed e-con e-child\" data-id=\"aa32a73\" data-element_type=\"container\" data-e-type=\"container\" data-settings=\"{&quot;background_background&quot;:&quot;classic&quot;}\">\n\t\t\t\t\t<div class=\"e-con-inner\">\n\t\t\t\t<div class=\"elementor-element elementor-element-cacd39c elementor-widget elementor-widget-text-editor\" data-id=\"cacd39c\" data-element_type=\"widget\" data-e-type=\"widget\" data-widget_type=\"text-editor.default\">\n\t\t\t\t<div class=\"elementor-widget-container\">\n\t\t\t\t\t\t\t\t\t<h2>Allgemeine Vertragsbedingungen Trans-Nation Co-Creation Projekt (TNCC)<\/h2>\n<h3>1. Geltungsbereich<\/h3>\n<p>Diese Allgemeinen Teilnahmebedingungen regeln das Vertragsverh\u00e4ltnis zwischen der Stiftung Universit\u00e4t L\u00fcneburg und dem Vertragspartner f\u00fcr die Durchf\u00fchrung und Teilnahme an Veranstaltungen im Rahmen des TNCC abschlie\u00dfend. Allgemeine Vertragsbedingungen des\/ der Vertragspartner*in haben keine G\u00fcltigkeit, selbst dann, wenn ihnen die Stiftung Universit\u00e4t L\u00fcneburg nicht ausdr\u00fccklich widerspricht.<\/p>\n<h3>2. Haftung<\/h3>\n<p>Die Universit\u00e4t \u00fcbernimmt keine Haftung f\u00fcr Sch\u00e4den, die nicht auf grober Fahrl\u00e4ssigkeit oder Vorsatz beruhen. Die Haftung wegen Verletzung von Leben, K\u00f6rper und Gesundheit bleibt hiervon unber\u00fchrt.<\/p>\n<p>Die einzelnen Workshops werden durch die Stiftung Universit\u00e4t L\u00fcneburg und deren Referent*innen nach bestem Wissen und Kenntnisstand vorbereitet. Haftung und Gew\u00e4hr f\u00fcr die Korrektheit, Aktualit\u00e4t, Vollst\u00e4ndigkeit und Qualit\u00e4t der Inhalte sind ausgeschlossen.<\/p>\n<h3>3. Urheberrecht<\/h3>\n<p>3.1 Die Arbeitsunterlagen und die Inhalte des Workshops selbst unterliegen dem Urheberrechtsschutz sowie den sonstigen gesetzlichen Schutzrechten. Die Arbeitsunterlagen sind ausschlie\u00dflich f\u00fcr den pers\u00f6nlichen Gebrauch des Teilnehmenden bestimmt. Jede andere Nutzung, insbesondere jede Weitergabe, Vervielf\u00e4ltigung, \u00f6ffentliche Zug\u00e4nglichmachung oder sonstige Verbreitung, ist ohne eine vorherige schriftliche Zustimmung der Stiftung Universit\u00e4t L\u00fcneburg bzw. des\/ der jeweiligen Urheber*in unzul\u00e4ssig. Auch der Mitschnitt eines Workshops durch den Vertragspartner in Audio oder Video bzw. durch Screenshots ohne Genehmigung der Stiftung Universit\u00e4t L\u00fcneburg ist unzul\u00e4ssig. Die Schrankenbestimmungen nach dem deutschen Urheberrechtsgesetz bleiben unber\u00fchrt.<\/p>\n<p>3.2 Unabh\u00e4ngig von der Frage, ob an einer konkreten Arbeitsunterlage ein Urheberrecht oder ein sonstiges Schutzrecht besteht, verpflichtet sich der\/ die Vertragspartner*in vertraglich, die Arbeitsunterlagen nur f\u00fcr seinen\/ ihren pers\u00f6nlichen Gebrauch zu verwenden und weitere Nutzungen &#8211; wie oben in Ziffer 3.1. beschrieben &#8211; zu unterlassen.<\/p>\n<p>3.3 Fotos oder Filme, die im Rahmen des Workshops erstellt werden, d\u00fcrfen nur von der Stiftung nach Durchf\u00fchrung des Workshops weiterhin genutzt werden (beispielsweise f\u00fcr die Website, Folder, Kommunikation).<\/p>\n<h3>4. Subunternehmer<\/h3>\n<p>Die Stiftung Universit\u00e4t L\u00fcneburg darf sich zur Erf\u00fcllung ihrer Verpflichtungen Dritter bedienen.<\/p>\n<h3>5. Auftragserteilung<\/h3>\n<p>Die Auftragserteilung erfolgt durch Annahme des von der Stiftung Universit\u00e4t L\u00fcneburg an den\/ die Vertragspartner*in per E-Mail \u00fcbermittelten Angebots.<\/p>\n<h3>6. Entgelt<\/h3>\n<p>F\u00fcr die Teilnahme an Veranstaltungen im Rahmen des TNCC entstehen keine Kosten. zzgl. gesetzlicher MwSt. Eine nur zeitweise Teilnahme am Workshop berechtigt nicht zur Minderung des Entgelts<\/p>\n<p>Es besteht kein Anspruch auf \u00dcbernahme f\u00fcr Reise-, Unterkunfts- oder Verpflegungskosten.<\/p>\n<h3>7. Stornierung und Verschiebung des Workshops<\/h3>\n<p>7.1 Die Stiftung Universit\u00e4t L\u00fcneburg beh\u00e4lt sich die Verschiebung der Veranstaltungen in F\u00e4llen der Verhinderung aufgrund h\u00f6herer Gewalt oder dann vor, wenn die wissenschaftliche Leitung so kurzfristig erkrankt und sonst an der Aus\u00fcbung ihrer Dozentent\u00e4tigkeit gehindert wird, dass ein ad\u00e4quater Ersatz nicht mehr m\u00f6glich ist.<\/p>\n<p>7.2 Weitergehende Haftungs- und Schadenersatzanspr\u00fcche sind ausgeschlossen, soweit nicht Vorsatz oder grobe Fahrl\u00e4ssigkeit vorliegt.<\/p>\n<p>7.3 Teilnehmende seitens des Vertragspartners k\u00f6nnen jederzeit anstelle des\/ der angemeldeten Teilnehmenden ohne zus\u00e4tzliche Kosten eine*n Vertreter*in benennen.<\/p>\n<h3>8. \u00c4nderungsvorbehalt<\/h3>\n<p>8.1 Die Stiftung Universit\u00e4t L\u00fcneburg ist berechtigt, inhaltliche, methodische und organisatorische \u00c4nderungen vor oder w\u00e4hrend der Veranstaltungen vorzunehmen.<\/p>\n<p>8.2 Die Stiftung Universit\u00e4t L\u00fcneburg ist berechtigt, die vorgesehenen Referent*innen im Bedarfsfall (z.B. Krankheit, Unfall) durch andere hinsichtlich des angek\u00fcndigten Themas angemessen qualifizierte Personen zu ersetzen.<\/p>\n<h3>9. Pflichten des Vertragspartners<\/h3>\n<p>9.1 Der*die Teilnehmende verpflichtet sich, R\u00fccksicht auf die Interessen und Rechtsg\u00fcter der Stiftung Universit\u00e4t L\u00fcneburg zu nehmen sowie die bestehenden Hausordnungen des jeweiligen Veranstaltungsortes zu befolgen.&nbsp; Die Stiftung ist berechtigt, Teilnehmende von den Veranstaltungen auszuschlie\u00dfen, wenn diese die Veranstaltungen st\u00f6ren und auch nach Androhung des Ausschlusses die St\u00f6rung nicht unterlassen.<\/p>\n<p>9.2 Von Teilnehmenden mitgebrachte Datentr\u00e4ger d\u00fcrfen grunds\u00e4tzlich nicht auf die Rechner der Stiftung Universit\u00e4t L\u00fcneburg oder des Veranstaltungsortes aufgespielt werden. Sollte durch eine Zuwiderhandlung ein Schaden entstehen, beh\u00e4lt die Stiftung Universit\u00e4t L\u00fcneburg sich vor, Schadenersatzanspr\u00fcche geltend zu machen.<\/p>\n<p>9.3 Der*die Teilnehmende ist ggfs. f\u00fcr die Einholung notwendiger Visa, sowie den Abschluss einer Auslandskrankenversicherung selbst verantwortlich und tr\u00e4gt w\u00e4hrend des gesamten Veranstaltungszeitraums f\u00fcr das st\u00e4ndige Mitf\u00fchren der jeweilig erforderlichen Dokumente (insbesondere Reisepass) Sorge. Es besteht kein Versicherungsschutz \u00fcber die Stiftung Universit\u00e4t L\u00fcneburg.<\/p>\n<h3>10. Datenschutz<\/h3>\n<p>Der Schutz Ihrer personenbezogenen Daten ist f\u00fcr uns ein besonderes Anliegen. Wir verarbeiten Ihre Daten daher nur im Einklang mit den Vorgaben der DS-GVO und des BDSG. N\u00e4here Informationen k\u00f6nnen Sie den Datenschutzhinweisen auf der Webseite des Projekts entnehmen.<\/p>\n<h3>11. Schlussbestimmungen<\/h3>\n<p>11.1 Sofern der Vertragspartner Kaufmann, juristische Person des \u00f6ffentlichen Rechts oder \u00f6ffentlich-rechtliches Sonderverm\u00f6gen ist, ist ausschlie\u00dflicher Gerichtsstand f\u00fcr alle Streitigkeiten zwischen den Vertragsparteien der Sitz der Stiftung Universit\u00e4t L\u00fcneburg.<\/p>\n<p>11.2 Der Vertrag unterliegt deutschem Recht unter Ausschluss des UN-Kaufrechts.<\/p>\n<p>11.3 Sind oder werden einzelne Bestimmungen unwirksam, so ber\u00fchrt dies die Wirksamkeit des Vertrages im \u00dcbrigen nicht. Eine unwirksame Bestimmung ist durch erg\u00e4nzende Auslegung nach M\u00f6glichkeit durch eine Regelung zu ersetzen, die deren Zweck m\u00f6glichst nahekommt.<\/p>\n<p>11.4 \u00c4nderungen und Erg\u00e4nzungen des Vertrages bed\u00fcrfen der Schriftform.<\/p>\t\t\t\t\t\t\t\t<\/div>\n\t\t\t\t<\/div>\n\t\t\t\t\t<\/div>\n\t\t\t\t<\/div>\n\t\t\t\t\t<\/div>\n\t\t\t\t<\/div>\n\t\t\t\t<\/div>","protected":false},"excerpt":{"rendered":"<p>Allgemeine Vertragsbedingungen Trans-Nation Co-Creation Projekt (TNCC) 1. Geltungsbereich Diese Allgemeinen Teilnahmebedingungen regeln das Vertragsverh\u00e4ltnis zwischen der Stiftung Universit\u00e4t L\u00fcneburg und dem Vertragspartner f\u00fcr die Durchf\u00fchrung und Teilnahme an Veranstaltungen im Rahmen des TNCC abschlie\u00dfend. Allgemeine Vertragsbedingungen des\/ der Vertragspartner*in haben keine G\u00fcltigkeit, selbst dann, wenn ihnen die Stiftung Universit\u00e4t L\u00fcneburg nicht ausdr\u00fccklich widerspricht. 2. Haftung [&hellip;]<\/p>\n","protected":false},"author":1,"featured_media":0,"parent":0,"menu_order":0,"comment_status":"closed","ping_status":"closed","template":"","meta":{"_acf_changed":false,"inline_featured_image":false,"footnotes":""},"class_list":["post-934","page","type-page","status-publish","hentry"],"acf":[],"_links":{"self":[{"href":"https:\/\/transnationinnovation.de\/en\/wp-json\/wp\/v2\/pages\/934","targetHints":{"allow":["GET"]}}],"collection":[{"href":"https:\/\/transnationinnovation.de\/en\/wp-json\/wp\/v2\/pages"}],"about":[{"href":"https:\/\/transnationinnovation.de\/en\/wp-json\/wp\/v2\/types\/page"}],"author":[{"embeddable":true,"href":"https:\/\/transnationinnovation.de\/en\/wp-json\/wp\/v2\/users\/1"}],"replies":[{"embeddable":true,"href":"https:\/\/transnationinnovation.de\/en\/wp-json\/wp\/v2\/comments?post=934"}],"version-history":[{"count":4,"href":"https:\/\/transnationinnovation.de\/en\/wp-json\/wp\/v2\/pages\/934\/revisions"}],"predecessor-version":[{"id":938,"href":"https:\/\/transnationinnovation.de\/en\/wp-json\/wp\/v2\/pages\/934\/revisions\/938"}],"wp:attachment":[{"href":"https:\/\/transnationinnovation.de\/en\/wp-json\/wp\/v2\/media?parent=934"}],"curies":[{"name":"wp","href":"https:\/\/api.w.org\/{rel}","templated":true}]}}