{"id":494,"date":"2023-08-14T14:43:44","date_gmt":"2023-08-14T12:43:44","guid":{"rendered":"https:\/\/transnationinnovation.de\/?page_id=494"},"modified":"2023-09-15T23:30:39","modified_gmt":"2023-09-15T21:30:39","slug":"impressum","status":"publish","type":"page","link":"https:\/\/transnationinnovation.de\/en\/impressum\/","title":{"rendered":"Legal Notice"},"content":{"rendered":"<div data-elementor-type=\"wp-page\" data-elementor-id=\"494\" class=\"elementor elementor-494\" data-elementor-post-type=\"page\">\n\t\t\t\t<div class=\"elementor-element elementor-element-d4eeb79 e-flex e-con-boxed e-con e-parent\" data-id=\"d4eeb79\" data-element_type=\"container\" data-e-type=\"container\">\n\t\t\t\t\t<div class=\"e-con-inner\">\n\t\t<div class=\"elementor-element elementor-element-aa32a73 e-flex e-con-boxed e-con e-child\" data-id=\"aa32a73\" data-element_type=\"container\" data-e-type=\"container\" data-settings=\"{&quot;background_background&quot;:&quot;classic&quot;}\">\n\t\t\t\t\t<div class=\"e-con-inner\">\n\t\t\t\t<div class=\"elementor-element elementor-element-cacd39c elementor-widget elementor-widget-text-editor\" data-id=\"cacd39c\" data-element_type=\"widget\" data-e-type=\"widget\" data-widget_type=\"text-editor.default\">\n\t\t\t\t<div class=\"elementor-widget-container\">\n\t\t\t\t\t\t\t\t\t<h1>Legal Notice<\/h1><p>Die Leuphana Universit\u00e4t L\u00fcneburg ist eine Stiftung des \u00f6ffentlichen Rechts.<br \/>Sie wird durch den Pr\u00e4sidenten Sascha Spoun gesetzlich vertreten.<\/p><p>Umsatzsteuer-Identifikationsnummer gem\u00e4\u00df \u00a7 27a Umsatzsteuergesetz:<br \/>DE 811 305 548<\/p><p>Inhaltlich verantwortlich i.S.d. \u00a7 18 II MStV ist die Institutsleitung: <a href=\"https:\/\/leuphana.de\/remdisch\" target=\"_blank\" rel=\"noopener\">Prof. Dr. Sabine Remdisch<\/a><\/p><p><a href=\"http:\/\/www.leuphana.de\/ipm\" target=\"_blank\" rel=\"noopener\">Institut f\u00fcr Performance Management<\/a><br \/>Universit\u00e4tsallee 1<br \/>D-21335 L\u00fcneburg<br \/>Fon 04131.677-1862 (Sekretariat)<\/p>\t\t\t\t\t\t\t\t<\/div>\n\t\t\t\t<\/div>\n\t\t\t\t\t<\/div>\n\t\t\t\t<\/div>\n\t\t<div class=\"elementor-element elementor-element-bacfaf9 e-flex e-con-boxed e-con e-child\" data-id=\"bacfaf9\" data-element_type=\"container\" data-e-type=\"container\" data-settings=\"{&quot;background_background&quot;:&quot;classic&quot;}\">\n\t\t\t\t\t<div class=\"e-con-inner\">\n\t\t\t\t<div class=\"elementor-element elementor-element-00ca6e4 elementor-widget elementor-widget-text-editor\" data-id=\"00ca6e4\" data-element_type=\"widget\" data-e-type=\"widget\" data-widget_type=\"text-editor.default\">\n\t\t\t\t<div class=\"elementor-widget-container\">\n\t\t\t\t\t\t\t\t\t<h2>Rechtliche Hinweise (Disclaimer)<\/h2><p>Bitte beachten Sie die wichtigen rechtlichen Hinweise zu den Inhalten dieser Website, zum Urheberrecht und zu externen Links.<br \/>Haftung f\u00fcr Inhalte und externe Links<\/p><p>Als Diensteanbieter sind wir gem\u00e4\u00df \u00a7 7 Abs.1 Telemediengesetz (TMG) f\u00fcr eigene Inhalte auf diesen Seiten nach den allgemeinen Gesetzen verantwortlich. Von diesen eigenen Inhalten sind Querverweise (\u201cLinks\u201d) auf die von anderen Anbietern bereitgehaltenen Inhalte zu unterscheiden.\u00a0<\/p><p>Unser Angebot enth\u00e4lt Links zu externen Websites Dritter, auf deren Inhalte wir keinen Einfluss haben. Deshalb k\u00f6nnen wir f\u00fcr diese fremden Inhalte auch keine Gew\u00e4hr \u00fcbernehmen. F\u00fcr die Inhalte der verlinkten Seiten ist stets der jeweilige Anbieter oder Betreiber der Seiten verantwortlich. Die verlinkten Seiten wurden zum Zeitpunkt der Verlinkung auf m\u00f6gliche Rechtsverst\u00f6\u00dfe \u00fcberpr\u00fcft. Rechtswidrige Inhalte waren zum Zeitpunkt der Verlinkung nicht erkennbar. Eine permanente inhaltliche Kontrolle der verlinkten Seiten ist jedoch ohne konkrete Anhaltspunkte einer Rechtsverletzung nicht zumutbar. Bei Bekanntwerden von Rechtsverletzungen werden wir derartige Links umgehend entfernen.<\/p>\t\t\t\t\t\t\t\t<\/div>\n\t\t\t\t<\/div>\n\t\t\t\t\t<\/div>\n\t\t\t\t<\/div>\n\t\t<div class=\"elementor-element elementor-element-827c859 e-flex e-con-boxed e-con e-child\" data-id=\"827c859\" data-element_type=\"container\" data-e-type=\"container\" data-settings=\"{&quot;background_background&quot;:&quot;classic&quot;}\">\n\t\t\t\t\t<div class=\"e-con-inner\">\n\t\t\t\t<div class=\"elementor-element elementor-element-ef234e4 elementor-widget elementor-widget-text-editor\" data-id=\"ef234e4\" data-element_type=\"widget\" data-e-type=\"widget\" data-widget_type=\"text-editor.default\">\n\t\t\t\t<div class=\"elementor-widget-container\">\n\t\t\t\t\t\t\t\t\t<h2>Urheberrecht<\/h2><p>Die durch die Seitenbetreiber erstellten Inhalte und Werke auf diesen Seiten unterliegen dem deutschen Urheberrecht. Die Vervielf\u00e4ltigung, Bearbeitung, Verbreitung und jede Art der Verwertung au\u00dferhalb der Grenzen des Urheberrechtes bed\u00fcrfen der schriftlichen Zustimmung der Leuphana Universit\u00e4t L\u00fcneburg. Downloads und Kopien dieser Seite sind nur f\u00fcr den privaten, nicht kommerziellen Gebrauch gestattet. Davon ausgenommen sind nur die Pressemitteilungen der Leuphana Universit\u00e4t L\u00fcneburg sowie die im Internet ver\u00f6ffentlichten Reden. Ihr Inhalt kann ohne besondere Genehmigung verwendet werden.<\/p><p>Soweit die Inhalte auf dieser Seite nicht vom Betreiber erstellt wurden, werden die Urheberrechte Dritter beachtet. Insbesondere werden Inhalte Dritter als solche gekennzeichnet. Sollten Sie trotzdem auf eine Urheberrechtsverletzung aufmerksam werden, bitten wir um einen entsprechenden Hinweis. Bei Bekanntwerden von Rechtsverletzungen werden wir derartige Inhalte umgehend entfernen.<\/p>\t\t\t\t\t\t\t\t<\/div>\n\t\t\t\t<\/div>\n\t\t\t\t\t<\/div>\n\t\t\t\t<\/div>\n\t\t\t\t\t<\/div>\n\t\t\t\t<\/div>\n\t\t\t\t<\/div>","protected":false},"excerpt":{"rendered":"<p>Impressum Die Leuphana Universit\u00e4t L\u00fcneburg ist eine Stiftung des \u00f6ffentlichen Rechts.Sie wird durch den Pr\u00e4sidenten Sascha Spoun gesetzlich vertreten. Umsatzsteuer-Identifikationsnummer gem\u00e4\u00df \u00a7 27a Umsatzsteuergesetz:DE 811 305 548 Inhaltlich verantwortlich i.S.d. \u00a7 18 II MStV ist die Institutsleitung: Prof. Dr. Sabine Remdisch Institut f\u00fcr Performance ManagementUniversit\u00e4tsallee 1D-21335 L\u00fcneburgFon 04131.677-1862 (Sekretariat) Rechtliche Hinweise (Disclaimer) Bitte beachten Sie [&hellip;]<\/p>\n","protected":false},"author":1,"featured_media":0,"parent":0,"menu_order":0,"comment_status":"closed","ping_status":"closed","template":"","meta":{"_acf_changed":false,"inline_featured_image":false,"footnotes":""},"class_list":["post-494","page","type-page","status-publish","hentry"],"acf":[],"_links":{"self":[{"href":"https:\/\/transnationinnovation.de\/en\/wp-json\/wp\/v2\/pages\/494","targetHints":{"allow":["GET"]}}],"collection":[{"href":"https:\/\/transnationinnovation.de\/en\/wp-json\/wp\/v2\/pages"}],"about":[{"href":"https:\/\/transnationinnovation.de\/en\/wp-json\/wp\/v2\/types\/page"}],"author":[{"embeddable":true,"href":"https:\/\/transnationinnovation.de\/en\/wp-json\/wp\/v2\/users\/1"}],"replies":[{"embeddable":true,"href":"https:\/\/transnationinnovation.de\/en\/wp-json\/wp\/v2\/comments?post=494"}],"version-history":[{"count":22,"href":"https:\/\/transnationinnovation.de\/en\/wp-json\/wp\/v2\/pages\/494\/revisions"}],"predecessor-version":[{"id":953,"href":"https:\/\/transnationinnovation.de\/en\/wp-json\/wp\/v2\/pages\/494\/revisions\/953"}],"wp:attachment":[{"href":"https:\/\/transnationinnovation.de\/en\/wp-json\/wp\/v2\/media?parent=494"}],"curies":[{"name":"wp","href":"https:\/\/api.w.org\/{rel}","templated":true}]}}