{"id":3,"date":"2023-08-07T02:47:01","date_gmt":"2023-08-07T00:47:01","guid":{"rendered":"https:\/\/transnationinnovation.de\/?page_id=3"},"modified":"2023-11-13T14:25:55","modified_gmt":"2023-11-13T13:25:55","slug":"datenschutzerklaerung","status":"publish","type":"page","link":"https:\/\/transnationinnovation.de\/en\/datenschutzerklaerung\/","title":{"rendered":"Privacy Policy"},"content":{"rendered":"<div data-elementor-type=\"wp-page\" data-elementor-id=\"3\" class=\"elementor elementor-3\" data-elementor-post-type=\"page\">\n\t\t\t\t<div class=\"elementor-element elementor-element-1015040 e-flex e-con-boxed e-con e-parent\" data-id=\"1015040\" data-element_type=\"container\" data-e-type=\"container\">\n\t\t\t\t\t<div class=\"e-con-inner\">\n\t\t<div class=\"elementor-element elementor-element-6a4b443 e-con-full e-flex e-con e-child\" data-id=\"6a4b443\" data-element_type=\"container\" data-e-type=\"container\" data-settings=\"{&quot;background_background&quot;:&quot;classic&quot;}\">\n\t\t\t\t<div class=\"elementor-element elementor-element-c5883d7 elementor-widget elementor-widget-text-editor\" data-id=\"c5883d7\" data-element_type=\"widget\" data-e-type=\"widget\" data-widget_type=\"text-editor.default\">\n\t\t\t\t<div class=\"elementor-widget-container\">\n\t\t\t\t\t\t\t\t\t<h2>Privacy Policy&nbsp;<\/h2>\n<p>Datenschutz ist uns ein besonderes Anliegen. Wir verarbeiten Ihre personenbezogenen Daten (im Folgenden \u201eDaten\u201c) gem\u00e4\u00df den gesetzlichen Vorgaben und m\u00f6chten dies in transparenter Weise gestalten. Daher m\u00f6chten wir Ihnen mit den folgenden Datenschutzhinweisen kurz erl\u00e4utern, welche Daten wir im Zusammenhang mit der Nutzung unserer Website verarbeiten, und zu welchen Zwecken und auf welcher Rechtsgrundlage dies erfolgt. Zudem erhalten Sie Auskunft \u00fcber Ansprechpartner sowie Ihre Rechte in Zusammenhang mit der Datenverarbeitung.<\/p>\n<h3>Name und Kontaktdaten des Verantwortlichen:<\/h3>\n<p>Leuphana Universit\u00e4t L\u00fcneburg<br>vertreten durch den Pr\u00e4sidenten<br>Universit\u00e4tsallee 1<br>21335 L\u00fcneburg<\/p>\n<h3>Kontaktdaten des Datenschutzbeauftragten:<\/h3>\n<p>Leuphana Universit\u00e4t L\u00fcneburg<br>&#8211; Datenschutzbeauftragter &#8211;<br>Universit\u00e4tsallee 1<br>21335 L\u00fcneburg<br>E-Mail: dsb@leuphana.de<\/p>\n<h3>Zwecke und Rechtsgrundlagen der Datenverarbeitung<\/h3>\n<h4>Log-Files<\/h4>\n<p>Sobald Sie unsere Website besuchen, speichern wir von Ihnen sogenannte Log-Files. Darin werden Ihre IP-Adresse, das Datum und die Uhrzeit des Seitenzugriffs, die aufgerufene URL, die URL, die Sie zuletzt besucht haben (Referrer-URL), der von Ihnen verwendete Browser und dessen Version sowie die Version des von Ihnen genutzten Betriebssystems festgehalten.&nbsp;<\/p>\n<p>Wir verwenden diese Daten, um Missbrauch unserer Website zu verhindern und Ihnen einen st\u00f6rungsfreien und optimalen Besuch unserer Website erm\u00f6glichen zu k\u00f6nnen. Die Rechtsgrundlage f\u00fcr diese Verarbeitung ist \u00a7 3 S.1 Nr. 1 NDSG i.V.m. Art. 6 Abs. 1 S. 1 Buchstabe e) DSGVO i.V.m. 3 Abs. 1 S.1 Nr. 10 NHG.<\/p>\n<h4>Blog-Kommentarfunktion&nbsp;<\/h4>\n<p>In unserem Blog, in dem wir verschiedene Beitr\u00e4ge zu Themen rund um unsere T\u00e4tigkeiten ver\u00f6ffentlichen, k\u00f6nnen Sie \u00f6ffentliche Kommentare abgeben. Ihr Kommentar wird mit Ihrem angegebenen Nutzernamen bei dem Beitrag ver\u00f6ffentlicht. Wir empfehlen, ein Pseudonym statt Ihres Klarnamens zu verwenden. Die Angabe von Nutzernamen und E-Mail-Adresse ist erforderlich, alle weiteren Informationen sind freiwillig. Wenn Sie einen Kommentar abgeben, speichern wir weiterhin Ihre IP-Adresse, die wir nach 30 Tagen l\u00f6schen. Die Speicherung ist erforderlich, um uns in F\u00e4llen einer m\u00f6glichen Ver\u00f6ffentlichung widerrechtlicher Inhalte gegen Haftungsanspr\u00fcche verteidigen zu k\u00f6nnen. Ihre E-Mail-Adresse ben\u00f6tigen wir, um mit Ihnen in Kontakt zu treten, falls ein Dritter Ihren Kommentar als rechtswidrig beanstanden sollte. Die Kommentare werden vor Ver\u00f6ffentlichung nicht gepr\u00fcft. Wir behalten uns vor, Kommentare zu l\u00f6schen, wenn sie von Dritten als rechtswidrig beanstandet werden.<\/p>\n<p>Datenschutzrechtliche Rechtsgrundlage f\u00fcr Verarbeitungen zur Bereitstellung einer Interaktionsm\u00f6glichkeit mittels Kommentarfunktion ist \u00a7 3 S.1 Nr. 1 NDSG i.V.m. Art. 6 Abs. 1 Satz 1 Buchstabe e DSGVO i.V.m. \u00a7 3 Abs. 1 S. 1 Nr. 4 und 10 NHG.&nbsp;<\/p>\n<h3>Allgemeine Informationen:<\/h3>\n<p>Auch wenn Sie von Ihren untenstehenden Rechten keinen Gebrauch machen, werden Ihre Daten bei uns nur so lange gespeichert, wie es f\u00fcr die oben genannten Zwecke erforderlich ist, allerh\u00f6chstens bis zum Abschluss des Projekts im Mai 2025. Die Log-Files werden grunds\u00e4tzlich maximal 30 Tage gespeichert. Die angegebenen Speicherfristen gelten nicht, sofern abweichend davon ein l\u00e4ngerer Speicher- oder Aufbewahrungszeitraum gesetzlich vorgeschrieben oder f\u00fcr die Rechtsdurchsetzung innerhalb der gesetzlichen Verj\u00e4hrungsfristen erforderlich ist. Sofern Daten lediglich noch zu den vorgenannten Zwecken aufbewahrt werden, ist der Datenzugriff auf das daf\u00fcr n\u00f6tige Ma\u00df beschr\u00e4nkt.<\/p>\n<p>Sofern wir hierzu keine abweichenden Angaben gemacht haben, behalten wir Ihre Daten grunds\u00e4tzlich f\u00fcr uns und stellen sie nur denjenigen Mitarbeitenden zur Verf\u00fcgung, die sie f\u00fcr ihre T\u00e4tigkeit im Rahmen der Aufgabenerf\u00fcllung ben\u00f6tigen. Dies gilt nicht, wenn wir gesetzlich zu einer Weitergabe verpflichtet sind.&nbsp;<\/p>\n<p>Um eine sichere \u00dcbertragung Ihrer Daten gew\u00e4hrleisten zu k\u00f6nnen, werden alle Daten mit einem TLS-Zertifikat verschl\u00fcsselt.&nbsp;<\/p>\n<p>Wir m\u00f6chten Sie dar\u00fcber informieren, dass die Bereitstellung Ihrer Daten weder gesetzlich noch vertraglich vorgeschrieben ist. Sofern Sie Ihre Daten nicht bereitstellen, kann dies dazu f\u00fchren, dass Ihnen die Webseite nicht oder nur eingeschr\u00e4nkt angezeigt werden kann.<\/p>\n<p>Eine automatisierte Entscheidungsfindung einschlie\u00dflich Profiling i.S.d. Art. 22 Abs. 1 und 4 DSGVO findet nicht statt.<\/p>\n<h4>Ihr Recht auf Widerspruch gem. Art. 21 DSGVO<\/h4>\n<p>Sofern wir Ihre Daten aufgrund von im \u00f6ffentlichen Interesse liegender Aufgaben auf der Rechtsgrundlage des Art 6 Abs. 1 S. 1 Buchstabe e) verarbeiten, haben Sie das Recht, aus Gr\u00fcnden, die sich aus Ihrer besonderen Situation ergeben, jederzeit gegen die Verarbeitung Sie betreffender personenbezogener Daten Widerspruch einzulegen; dies gilt auch f\u00fcr ein auf Art. 6 Abs. 1 S. 1 Buchstabe e) DSGVO gest\u00fctztes Profiling i.S.d. Art. 4 Nr. 4 DSGVO.<\/p>\n<p>In diesem Fall verarbeiten wir diese Daten nicht mehr, es sei denn, wir k\u00f6nnen zwingende schutzw\u00fcrdige, Ihre Interessen, Rechte und Freiheiten \u00fcberwiegende Gr\u00fcnde f\u00fcr die Verarbeitung nachweisen, oder die Verarbeitung dient der Geltendmachung, Aus\u00fcbung oder Verteidigung von Rechtsanspr\u00fcchen.&nbsp;<\/p>\n<h3>Ihre weiteren Rechte:<\/h3>\n<p>Sie haben das Recht, von uns Auskunft \u00fcber die Verarbeitung Sie betreffender Daten zu verlangen. Dieses Auskunftsrecht umfasst neben einer Kopie der Daten auch die Zwecke der Datenverarbeitung, die Datenempf\u00e4nger sowie die Speicherdauer.<\/p>\n<p>Sollten unrichtige Daten verarbeitet werden, k\u00f6nnen Sie von uns unverz\u00fcglich die Berichtigung dieser Daten verlangen. Liegen die gesetzlichen Voraussetzungen nach Art. 17 bzw. 18 DSGVO vor, steht Ihnen zudem grunds\u00e4tzlich das Recht auf unverz\u00fcgliche L\u00f6schung oder auf Einschr\u00e4nkung der Verarbeitung der Daten zu. Bitte beachten Sie, dass eine eingeschr\u00e4nkte Verarbeitung der Daten unter Umst\u00e4nden nicht m\u00f6glich ist.<\/p>\n<p>Des Weiteren k\u00f6nnen Sie unter den Voraussetzungen des Art. 20 DSGVO von Ihrem Recht auf Daten\u00fcbertragbarkeit Gebrauch machen.<\/p>\n<h4>Zur Geltendmachung Ihrer Rechte wenden Sie sich bitte an:<\/h4>\n<p>Leuphana Universit\u00e4t L\u00fcneburg<br>James David Cody Long<br>Universit\u00e4tsallee 1<br>21335 L\u00fcneburg<br>E-Mail: tncc@leuphana.de<\/p>\n<p>Bei weiteren Fragen ber\u00e4t Sie gerne unser Datenschutzbeauftragter.<\/p>\n<p>Mit datenschutzrechtlichen Beschwerden k\u00f6nnen Sie sich auch an eine zust\u00e4ndige Datenschutzbeh\u00f6rde wenden.<\/p>\t\t\t\t\t\t\t\t<\/div>\n\t\t\t\t<\/div>\n\t\t\t\t<\/div>\n\t\t\t\t\t<\/div>\n\t\t\t\t<\/div>\n\t\t\t\t<\/div>","protected":false},"excerpt":{"rendered":"<p>Hinweise zum Datenschutz&nbsp; Datenschutz ist uns ein besonderes Anliegen. Wir verarbeiten Ihre personenbezogenen Daten (im Folgenden \u201eDaten\u201c) gem\u00e4\u00df den gesetzlichen Vorgaben und m\u00f6chten dies in transparenter Weise gestalten. Daher m\u00f6chten wir Ihnen mit den folgenden Datenschutzhinweisen kurz erl\u00e4utern, welche Daten wir im Zusammenhang mit der Nutzung unserer Website verarbeiten, und zu welchen Zwecken und auf [&hellip;]<\/p>\n","protected":false},"author":1,"featured_media":0,"parent":0,"menu_order":0,"comment_status":"closed","ping_status":"closed","template":"","meta":{"_acf_changed":false,"inline_featured_image":false,"footnotes":""},"class_list":["post-3","page","type-page","status-publish","hentry"],"acf":[],"_links":{"self":[{"href":"https:\/\/transnationinnovation.de\/en\/wp-json\/wp\/v2\/pages\/3","targetHints":{"allow":["GET"]}}],"collection":[{"href":"https:\/\/transnationinnovation.de\/en\/wp-json\/wp\/v2\/pages"}],"about":[{"href":"https:\/\/transnationinnovation.de\/en\/wp-json\/wp\/v2\/types\/page"}],"author":[{"embeddable":true,"href":"https:\/\/transnationinnovation.de\/en\/wp-json\/wp\/v2\/users\/1"}],"replies":[{"embeddable":true,"href":"https:\/\/transnationinnovation.de\/en\/wp-json\/wp\/v2\/comments?post=3"}],"version-history":[{"count":31,"href":"https:\/\/transnationinnovation.de\/en\/wp-json\/wp\/v2\/pages\/3\/revisions"}],"predecessor-version":[{"id":1435,"href":"https:\/\/transnationinnovation.de\/en\/wp-json\/wp\/v2\/pages\/3\/revisions\/1435"}],"wp:attachment":[{"href":"https:\/\/transnationinnovation.de\/en\/wp-json\/wp\/v2\/media?parent=3"}],"curies":[{"name":"wp","href":"https:\/\/api.w.org\/{rel}","templated":true}]}}