{"id":1621,"date":"2024-03-25T15:37:44","date_gmt":"2024-03-25T14:37:44","guid":{"rendered":"https:\/\/transnationinnovation.de\/?page_id=1621"},"modified":"2024-03-25T15:37:44","modified_gmt":"2024-03-25T14:37:44","slug":"von-der-zukunft-her-leiten","status":"publish","type":"page","link":"https:\/\/transnationinnovation.de\/en\/kooperation\/von-der-zukunft-her-leiten\/","title":{"rendered":"Von der Zukunft her leiten"},"content":{"rendered":"<div data-elementor-type=\"wp-page\" data-elementor-id=\"1621\" class=\"elementor elementor-1621\" data-elementor-post-type=\"page\">\n\t\t\t\t<div class=\"elementor-element elementor-element-e603632 e-flex e-con-boxed e-con e-parent\" data-id=\"e603632\" data-element_type=\"container\" data-e-type=\"container\">\n\t\t\t\t\t<div class=\"e-con-inner\">\n\t\t<div class=\"elementor-element elementor-element-1cb4985 e-flex e-con-boxed e-con e-child\" data-id=\"1cb4985\" data-element_type=\"container\" data-e-type=\"container\" data-settings=\"{&quot;background_background&quot;:&quot;classic&quot;}\">\n\t\t\t\t\t<div class=\"e-con-inner\">\n\t\t\t\t<div class=\"elementor-element elementor-element-4af523d elementor-widget elementor-widget-spacer\" data-id=\"4af523d\" data-element_type=\"widget\" data-e-type=\"widget\" data-widget_type=\"spacer.default\">\n\t\t\t\t<div class=\"elementor-widget-container\">\n\t\t\t\t\t\t\t<div class=\"elementor-spacer\">\n\t\t\t<div class=\"elementor-spacer-inner\"><\/div>\n\t\t<\/div>\n\t\t\t\t\t\t<\/div>\n\t\t\t\t<\/div>\n\t\t\t\t\t<\/div>\n\t\t\t\t<\/div>\n\t\t<div class=\"elementor-element elementor-element-cf5e0dc e-flex e-con-boxed e-con e-child\" data-id=\"cf5e0dc\" data-element_type=\"container\" data-e-type=\"container\" data-settings=\"{&quot;background_background&quot;:&quot;classic&quot;}\">\n\t\t\t\t\t<div class=\"e-con-inner\">\n\t\t\t\t<div class=\"elementor-element elementor-element-2f63c20 elementor-widget elementor-widget-heading\" data-id=\"2f63c20\" data-element_type=\"widget\" data-e-type=\"widget\" data-widget_type=\"heading.default\">\n\t\t\t\t<div class=\"elementor-widget-container\">\n\t\t\t\t\t<h2 class=\"elementor-heading-title elementor-size-default\">Von der Zukunft her leiten<\/h2>\t\t\t\t<\/div>\n\t\t\t\t<\/div>\n\t\t\t\t<div class=\"elementor-element elementor-element-a9efc69 elementor-widget elementor-widget-text-editor\" data-id=\"a9efc69\" data-element_type=\"widget\" data-e-type=\"widget\" data-widget_type=\"text-editor.default\">\n\t\t\t\t<div class=\"elementor-widget-container\">\n\t\t\t\t\t\t\t\t\t<p>Die F\u00fchrung eines Unternehmens durch aktuelle Krisen und disruptive Ver\u00e4nderungen erfordert ein hohes Ma\u00df an Weitsicht (\u201eFutures Literacy\u201c) und Flexibilit\u00e4t (\u201eDynamic Capabilities\u201c). Weitsicht, um fr\u00fchzeitig relevante Ver\u00e4nderungen auf den M\u00e4rkten zu erkennen, und Flexibilit\u00e4t, um das Unternehmen rechtzeitig anzupassen. Beide F\u00e4higkeiten sind strategisch wichtig und k\u00f6nnen dem Unternehmen einen Wettbewerbsvorteil verschaffen sowie in Krisenzeiten Sicherheit und Wachstum gew\u00e4hrleisten.<\/p><p>Im Rahmen des Projekts \u201eTrans-Nation Co-Creation\u201c bieten wir Ihrem Unternehmen die M\u00f6glichkeit, kostenlos an einer Untersuchung teilzunehmen und wertvolle Informationen \u00fcber die strategischen Kompetenzen Ihres Unternehmens zu erhalten. Die Ergebnisse werden individuell f\u00fcr Ihr Unternehmen aufbereitet und anonymisiert zu wissenschaftlichen Zwecken gem\u00e4\u00df DSGVO weiterverarbeitet. Die Studie wird vom Institut f\u00fcr Performance Management der Leuphana Universit\u00e4t unter der Leitung von Frau Prof. Dr. Remdisch durchgef\u00fchrt<\/p><p>Gerne pr\u00e4sentieren wir die Studienergebnisse auch einem ausgew\u00e4hlten Kreis von Entscheidungstragenden in Ihrem Unternehmen, um weitere Fragen zu kl\u00e4ren und die Umsetzungsm\u00f6glichkeiten zu besprechen. Wenn Sie interessiert sind, setzen Sie im Dialogfeld gerne ein H\u00e4kchen oder kommen Sie direkt auf uns zu, damit wir mit Ihnen in Kontakt treten k\u00f6nnen.<\/p><p>Herzlichen Dank!<\/p>\t\t\t\t\t\t\t\t<\/div>\n\t\t\t\t<\/div>\n\t\t\t\t<div class=\"elementor-element elementor-element-4c0789a elementor-align-center elementor-widget elementor-widget-button\" data-id=\"4c0789a\" data-element_type=\"widget\" data-e-type=\"widget\" data-widget_type=\"button.default\">\n\t\t\t\t<div class=\"elementor-widget-container\">\n\t\t\t\t\t\t\t\t\t<div class=\"elementor-button-wrapper\">\n\t\t\t\t\t<a class=\"elementor-button elementor-button-link elementor-size-sm\" href=\"https:\/\/transnationinnovation.de\/en\/kooperation\/\">\n\t\t\t\t\t\t<span class=\"elementor-button-content-wrapper\">\n\t\t\t\t\t\t\t\t\t<span class=\"elementor-button-text\">Mitmachen<\/span>\n\t\t\t\t\t<\/span>\n\t\t\t\t\t<\/a>\n\t\t\t\t<\/div>\n\t\t\t\t\t\t\t\t<\/div>\n\t\t\t\t<\/div>\n\t\t\t\t\t<\/div>\n\t\t\t\t<\/div>\n\t\t\t\t\t<\/div>\n\t\t\t\t<\/div>\n\t\t\t\t<\/div>","protected":false},"excerpt":{"rendered":"<p>Von der Zukunft her leiten Die F\u00fchrung eines Unternehmens durch aktuelle Krisen und disruptive Ver\u00e4nderungen erfordert ein hohes Ma\u00df an Weitsicht (\u201eFutures Literacy\u201c) und Flexibilit\u00e4t (\u201eDynamic Capabilities\u201c). Weitsicht, um fr\u00fchzeitig relevante Ver\u00e4nderungen auf den M\u00e4rkten zu erkennen, und Flexibilit\u00e4t, um das Unternehmen rechtzeitig anzupassen. Beide F\u00e4higkeiten sind strategisch wichtig und k\u00f6nnen dem Unternehmen einen Wettbewerbsvorteil [&hellip;]<\/p>\n","protected":false},"author":1,"featured_media":0,"parent":1061,"menu_order":0,"comment_status":"closed","ping_status":"closed","template":"","meta":{"_acf_changed":false,"inline_featured_image":false,"footnotes":""},"class_list":["post-1621","page","type-page","status-publish","hentry"],"acf":[],"_links":{"self":[{"href":"https:\/\/transnationinnovation.de\/en\/wp-json\/wp\/v2\/pages\/1621","targetHints":{"allow":["GET"]}}],"collection":[{"href":"https:\/\/transnationinnovation.de\/en\/wp-json\/wp\/v2\/pages"}],"about":[{"href":"https:\/\/transnationinnovation.de\/en\/wp-json\/wp\/v2\/types\/page"}],"author":[{"embeddable":true,"href":"https:\/\/transnationinnovation.de\/en\/wp-json\/wp\/v2\/users\/1"}],"replies":[{"embeddable":true,"href":"https:\/\/transnationinnovation.de\/en\/wp-json\/wp\/v2\/comments?post=1621"}],"version-history":[{"count":4,"href":"https:\/\/transnationinnovation.de\/en\/wp-json\/wp\/v2\/pages\/1621\/revisions"}],"predecessor-version":[{"id":1626,"href":"https:\/\/transnationinnovation.de\/en\/wp-json\/wp\/v2\/pages\/1621\/revisions\/1626"}],"up":[{"embeddable":true,"href":"https:\/\/transnationinnovation.de\/en\/wp-json\/wp\/v2\/pages\/1061"}],"wp:attachment":[{"href":"https:\/\/transnationinnovation.de\/en\/wp-json\/wp\/v2\/media?parent=1621"}],"curies":[{"name":"wp","href":"https:\/\/api.w.org\/{rel}","templated":true}]}}