{"id":1054,"date":"2023-10-02T12:40:58","date_gmt":"2023-10-02T10:40:58","guid":{"rendered":"https:\/\/transnationinnovation.de\/?page_id=1054"},"modified":"2025-09-26T23:30:27","modified_gmt":"2025-09-26T21:30:27","slug":"lernformate","status":"publish","type":"page","link":"https:\/\/transnationinnovation.de\/en\/lernformate\/","title":{"rendered":"Learning Formats"},"content":{"rendered":"<div data-elementor-type=\"wp-page\" data-elementor-id=\"1054\" class=\"elementor elementor-1054\" data-elementor-post-type=\"page\">\n\t\t\t\t<div class=\"elementor-element elementor-element-173b3e6 e-flex e-con-boxed e-con e-parent\" data-id=\"173b3e6\" data-element_type=\"container\" data-e-type=\"container\" data-settings=\"{&quot;background_background&quot;:&quot;classic&quot;}\">\n\t\t\t\t\t<div class=\"e-con-inner\">\n\t\t<div class=\"elementor-element elementor-element-164142d e-con-full e-flex e-con e-child\" data-id=\"164142d\" data-element_type=\"container\" data-e-type=\"container\" data-settings=\"{&quot;background_background&quot;:&quot;classic&quot;}\">\n\t\t<div class=\"elementor-element elementor-element-8f62791 e-flex e-con-boxed e-con e-child\" data-id=\"8f62791\" data-element_type=\"container\" data-e-type=\"container\">\n\t\t\t\t\t<div class=\"e-con-inner\">\n\t\t<div class=\"elementor-element elementor-element-05d83f3 e-flex e-con-boxed e-con e-child\" data-id=\"05d83f3\" data-element_type=\"container\" data-e-type=\"container\">\n\t\t\t\t\t<div class=\"e-con-inner\">\n\t\t\t\t<div class=\"elementor-element elementor-element-6fec78a elementor-widget elementor-widget-heading\" data-id=\"6fec78a\" data-element_type=\"widget\" data-e-type=\"widget\" data-widget_type=\"heading.default\">\n\t\t\t\t<div class=\"elementor-widget-container\">\n\t\t\t\t\t<h1 class=\"elementor-heading-title elementor-size-default\">Co-Learn<\/h1>\t\t\t\t<\/div>\n\t\t\t\t<\/div>\n\t\t\t\t<div class=\"elementor-element elementor-element-53ea076 elementor-widget elementor-widget-heading\" data-id=\"53ea076\" data-element_type=\"widget\" data-e-type=\"widget\" data-widget_type=\"heading.default\">\n\t\t\t\t<div class=\"elementor-widget-container\">\n\t\t\t\t\t<h2 class=\"elementor-heading-title elementor-size-default\">Networking of Research, Practice, and New Ecosystems<\/h2>\t\t\t\t<\/div>\n\t\t\t\t<\/div>\n\t\t\t\t<div class=\"elementor-element elementor-element-5b1517a elementor-widget elementor-widget-text-editor\" data-id=\"5b1517a\" data-element_type=\"widget\" data-e-type=\"widget\" data-widget_type=\"text-editor.default\">\n\t\t\t\t<div class=\"elementor-widget-container\">\n\t\t\t\t\t\t\t\t\t<p>The Institute for Performance Management (IPM) conducts the project\u2019s research\nand offers participating companies and institutions in-depth insights into the relevant\ntopics of Innovation Culture, Entrepreneurial Mindset, and Foresight &amp; Future\nLiteracy.<\/p>\t\t\t\t\t\t\t\t<\/div>\n\t\t\t\t<\/div>\n\t\t<div class=\"elementor-element elementor-element-e565833 e-grid e-con-boxed e-con e-child\" data-id=\"e565833\" data-element_type=\"container\" data-e-type=\"container\">\n\t\t\t\t\t<div class=\"e-con-inner\">\n\t\t<div class=\"elementor-element elementor-element-d2e6f53 e-flex e-con-boxed e-con e-child\" data-id=\"d2e6f53\" data-element_type=\"container\" data-e-type=\"container\">\n\t\t\t\t\t<div class=\"e-con-inner\">\n\t\t\t\t<div class=\"elementor-element elementor-element-e8974db elementor-widget elementor-widget-heading\" data-id=\"e8974db\" data-element_type=\"widget\" data-e-type=\"widget\" data-widget_type=\"heading.default\">\n\t\t\t\t<div class=\"elementor-widget-container\">\n\t\t\t\t\t<h3 class=\"elementor-heading-title elementor-size-default\">Innovation Culture<\/h3>\t\t\t\t<\/div>\n\t\t\t\t<\/div>\n\t\t\t\t<div class=\"elementor-element elementor-element-a092ed3 elementor-widget elementor-widget-image\" data-id=\"a092ed3\" data-element_type=\"widget\" data-e-type=\"widget\" data-widget_type=\"image.default\">\n\t\t\t\t<div class=\"elementor-widget-container\">\n\t\t\t\t\t\t\t\t\t\t\t\t\t\t\t<img fetchpriority=\"high\" decoding=\"async\" width=\"768\" height=\"430\" src=\"https:\/\/transnationinnovation.de\/wp-content\/uploads\/2023\/09\/prefered-inno-768x430.png\" class=\"attachment-medium_large size-medium_large wp-image-782\" alt=\"\" srcset=\"https:\/\/transnationinnovation.de\/wp-content\/uploads\/2023\/09\/prefered-inno-768x430.png 768w, https:\/\/transnationinnovation.de\/wp-content\/uploads\/2023\/09\/prefered-inno-300x168.png 300w, https:\/\/transnationinnovation.de\/wp-content\/uploads\/2023\/09\/prefered-inno-1024x574.png 1024w, https:\/\/transnationinnovation.de\/wp-content\/uploads\/2023\/09\/prefered-inno.png 1456w\" sizes=\"(max-width: 768px) 100vw, 768px\" \/>\t\t\t\t\t\t\t\t\t\t\t\t\t\t\t<\/div>\n\t\t\t\t<\/div>\n\t\t\t\t<div class=\"elementor-element elementor-element-978f99b elementor-widget elementor-widget-text-editor\" data-id=\"978f99b\" data-element_type=\"widget\" data-e-type=\"widget\" data-widget_type=\"text-editor.default\">\n\t\t\t\t<div class=\"elementor-widget-container\">\n\t\t\t\t\t\t\t\t\t<p>Successful innovation requires not only technological\nadvancements but also a positive corporate culture. This culture should be based on\na strong shared vision and be characterized by empathy towards employees, the\ncreation of psychological safety, and the promotion of adaptability and willingness to\ntake risks.<\/p>\t\t\t\t\t\t\t\t<\/div>\n\t\t\t\t<\/div>\n\t\t\t\t\t<\/div>\n\t\t\t\t<\/div>\n\t\t<div class=\"elementor-element elementor-element-dc3601d e-flex e-con-boxed e-con e-child\" data-id=\"dc3601d\" data-element_type=\"container\" data-e-type=\"container\">\n\t\t\t\t\t<div class=\"e-con-inner\">\n\t\t\t\t<div class=\"elementor-element elementor-element-3146eef elementor-widget elementor-widget-heading\" data-id=\"3146eef\" data-element_type=\"widget\" data-e-type=\"widget\" data-widget_type=\"heading.default\">\n\t\t\t\t<div class=\"elementor-widget-container\">\n\t\t\t\t\t<h3 class=\"elementor-heading-title elementor-size-default\">Entrepreneurial Mindset<\/h3>\t\t\t\t<\/div>\n\t\t\t\t<\/div>\n\t\t\t\t<div class=\"elementor-element elementor-element-ff0b1c2 elementor-widget elementor-widget-image\" data-id=\"ff0b1c2\" data-element_type=\"widget\" data-e-type=\"widget\" data-widget_type=\"image.default\">\n\t\t\t\t<div class=\"elementor-widget-container\">\n\t\t\t\t\t\t\t\t\t\t\t\t\t\t\t<img decoding=\"async\" width=\"768\" height=\"430\" src=\"https:\/\/transnationinnovation.de\/wp-content\/uploads\/2023\/09\/preferred-entre-768x430.png\" class=\"attachment-medium_large size-medium_large wp-image-786\" alt=\"\" srcset=\"https:\/\/transnationinnovation.de\/wp-content\/uploads\/2023\/09\/preferred-entre-768x430.png 768w, https:\/\/transnationinnovation.de\/wp-content\/uploads\/2023\/09\/preferred-entre-300x168.png 300w, https:\/\/transnationinnovation.de\/wp-content\/uploads\/2023\/09\/preferred-entre-1024x574.png 1024w, https:\/\/transnationinnovation.de\/wp-content\/uploads\/2023\/09\/preferred-entre.png 1456w\" sizes=\"(max-width: 768px) 100vw, 768px\" \/>\t\t\t\t\t\t\t\t\t\t\t\t\t\t\t<\/div>\n\t\t\t\t<\/div>\n\t\t\t\t<div class=\"elementor-element elementor-element-8a25528 elementor-widget elementor-widget-text-editor\" data-id=\"8a25528\" data-element_type=\"widget\" data-e-type=\"widget\" data-widget_type=\"text-editor.default\">\n\t\t\t\t<div class=\"elementor-widget-container\">\n\t\t\t\t\t\t\t\t\t<p>Entrepreneurial action is a continuous process based on\nlearning, adaptation, and value creation. Germany can benefit from the dynamic\nculture of Silicon Valley but should simultaneously develop its own entrepreneurial\nculture that builds on German strengths and is both innovative and sustainable.<\/p>\t\t\t\t\t\t\t\t<\/div>\n\t\t\t\t<\/div>\n\t\t\t\t\t<\/div>\n\t\t\t\t<\/div>\n\t\t<div class=\"elementor-element elementor-element-1a1b1ad e-flex e-con-boxed e-con e-child\" data-id=\"1a1b1ad\" data-element_type=\"container\" data-e-type=\"container\">\n\t\t\t\t\t<div class=\"e-con-inner\">\n\t\t\t\t<div class=\"elementor-element elementor-element-3e67995 elementor-widget elementor-widget-heading\" data-id=\"3e67995\" data-element_type=\"widget\" data-e-type=\"widget\" data-widget_type=\"heading.default\">\n\t\t\t\t<div class=\"elementor-widget-container\">\n\t\t\t\t\t<h3 class=\"elementor-heading-title elementor-size-default\">Foresight &amp; Futures Literacy<\/h3>\t\t\t\t<\/div>\n\t\t\t\t<\/div>\n\t\t\t\t<div class=\"elementor-element elementor-element-e311398 elementor-widget elementor-widget-image\" data-id=\"e311398\" data-element_type=\"widget\" data-e-type=\"widget\" data-widget_type=\"image.default\">\n\t\t\t\t<div class=\"elementor-widget-container\">\n\t\t\t\t\t\t\t\t\t\t\t\t\t\t\t<img decoding=\"async\" width=\"768\" height=\"430\" src=\"https:\/\/transnationinnovation.de\/wp-content\/uploads\/2023\/09\/prefered-foresight-768x430.png\" class=\"attachment-medium_large size-medium_large wp-image-787\" alt=\"\" srcset=\"https:\/\/transnationinnovation.de\/wp-content\/uploads\/2023\/09\/prefered-foresight-768x430.png 768w, https:\/\/transnationinnovation.de\/wp-content\/uploads\/2023\/09\/prefered-foresight-300x168.png 300w, https:\/\/transnationinnovation.de\/wp-content\/uploads\/2023\/09\/prefered-foresight-1024x574.png 1024w, https:\/\/transnationinnovation.de\/wp-content\/uploads\/2023\/09\/prefered-foresight.png 1456w\" sizes=\"(max-width: 768px) 100vw, 768px\" \/>\t\t\t\t\t\t\t\t\t\t\t\t\t\t\t<\/div>\n\t\t\t\t<\/div>\n\t\t\t\t<div class=\"elementor-element elementor-element-c330cc3 elementor-widget elementor-widget-text-editor\" data-id=\"c330cc3\" data-element_type=\"widget\" data-e-type=\"widget\" data-widget_type=\"text-editor.default\">\n\t\t\t\t<div class=\"elementor-widget-container\">\n\t\t\t\t\t\t\t\t\t<p><span style=\"font-size: 11.0pt; font-family: 'Calibri',sans-serif; mso-ascii-theme-font: minor-latin; mso-hansi-theme-font: minor-latin; mso-bidi-theme-font: minor-latin;\">In a rapidly changing world, future-oriented skills are essential. These capabilities enable us to anticipate what's ahead, actively shape the future, and strengthen our adaptability. Foresight and future competence are key to understanding emerging developments and creating tomorrow's innovations.<\/span><\/p>\t\t\t\t\t\t\t\t<\/div>\n\t\t\t\t<\/div>\n\t\t\t\t\t<\/div>\n\t\t\t\t<\/div>\n\t\t\t\t\t<\/div>\n\t\t\t\t<\/div>\n\t\t\t\t<div class=\"elementor-element elementor-element-91352f4 elementor-widget elementor-widget-text-editor\" data-id=\"91352f4\" data-element_type=\"widget\" data-e-type=\"widget\" data-widget_type=\"text-editor.default\">\n\t\t\t\t<div class=\"elementor-widget-container\">\n\t\t\t\t\t\t\t\t\t<p>As project management, the IPM is also responsible for organizing the Trans-Nation-\nCo-Creation project in Germany and the USA, as well as hosting the online and on-\nsite events in Germany.<\/p>\t\t\t\t\t\t\t\t<\/div>\n\t\t\t\t<\/div>\n\t\t\t\t<div class=\"elementor-element elementor-element-b4ec154 elementor-widget elementor-widget-heading\" data-id=\"b4ec154\" data-element_type=\"widget\" data-e-type=\"widget\" data-widget_type=\"heading.default\">\n\t\t\t\t<div class=\"elementor-widget-container\">\n\t\t\t\t\t<h3 class=\"elementor-heading-title elementor-size-default\">Methods, Insights, Skills: The Learning Formats<\/h3>\t\t\t\t<\/div>\n\t\t\t\t<\/div>\n\t\t\t\t<div class=\"elementor-element elementor-element-b584bec elementor-widget elementor-widget-text-editor\" data-id=\"b584bec\" data-element_type=\"widget\" data-e-type=\"widget\" data-widget_type=\"text-editor.default\">\n\t\t\t\t<div class=\"elementor-widget-container\">\n\t\t\t\t\t\t\t\t\t<p>The project offers participating companies and institutions a structured mixture of\nonline and face-to-face meetings as well as on-site events in Silicon Valley.<\/p>\t\t\t\t\t\t\t\t<\/div>\n\t\t\t\t<\/div>\n\t\t<div class=\"elementor-element elementor-element-8d6fe03 e-flex e-con-boxed e-con e-child\" data-id=\"8d6fe03\" data-element_type=\"container\" data-e-type=\"container\">\n\t\t\t\t\t<div class=\"e-con-inner\">\n\t\t<div class=\"elementor-element elementor-element-a5e69bf e-grid e-con-boxed e-con e-child\" data-id=\"a5e69bf\" data-element_type=\"container\" data-e-type=\"container\">\n\t\t\t\t\t<div class=\"e-con-inner\">\n\t\t<div class=\"elementor-element elementor-element-e4f57b9 e-flex e-con-boxed e-con e-child\" data-id=\"e4f57b9\" data-element_type=\"container\" data-e-type=\"container\" data-settings=\"{&quot;background_background&quot;:&quot;classic&quot;}\">\n\t\t\t\t\t<div class=\"e-con-inner\">\n\t\t<div class=\"elementor-element elementor-element-5ee8785 e-con-full e-flex e-con e-child\" data-id=\"5ee8785\" data-element_type=\"container\" data-e-type=\"container\">\n\t\t\t\t<div class=\"elementor-element elementor-element-49e6b4d elementor-widget elementor-widget-image\" data-id=\"49e6b4d\" data-element_type=\"widget\" data-e-type=\"widget\" data-widget_type=\"image.default\">\n\t\t\t\t<div class=\"elementor-widget-container\">\n\t\t\t\t\t\t\t\t\t\t\t\t\t\t\t<img loading=\"lazy\" decoding=\"async\" width=\"300\" height=\"168\" src=\"https:\/\/transnationinnovation.de\/wp-content\/uploads\/2023\/08\/9fd938c9-9f7f-48b9-bfb8-e154ff438e74-300x168.jpg\" class=\"attachment-medium size-medium wp-image-758\" alt=\"\" srcset=\"https:\/\/transnationinnovation.de\/wp-content\/uploads\/2023\/08\/9fd938c9-9f7f-48b9-bfb8-e154ff438e74-300x168.jpg 300w, https:\/\/transnationinnovation.de\/wp-content\/uploads\/2023\/08\/9fd938c9-9f7f-48b9-bfb8-e154ff438e74-768x430.jpg 768w, https:\/\/transnationinnovation.de\/wp-content\/uploads\/2023\/08\/9fd938c9-9f7f-48b9-bfb8-e154ff438e74.jpg 800w\" sizes=\"(max-width: 300px) 100vw, 300px\" \/>\t\t\t\t\t\t\t\t\t\t\t\t\t\t\t<\/div>\n\t\t\t\t<\/div>\n\t\t\t\t<\/div>\n\t\t<div class=\"elementor-element elementor-element-b986d12 e-con-full e-flex e-con e-child\" data-id=\"b986d12\" data-element_type=\"container\" data-e-type=\"container\">\n\t\t\t\t<div class=\"elementor-element elementor-element-6c5e9ed elementor-widget elementor-widget-text-editor\" data-id=\"6c5e9ed\" data-element_type=\"widget\" data-e-type=\"widget\" data-widget_type=\"text-editor.default\">\n\t\t\t\t<div class=\"elementor-widget-container\">\n\t\t\t\t\t\t\t\t\t<p class=\"translation-block\">The <strong>workshops<\/strong> form the interactive events on the project's impulse topics and\ninclude thematic presentations by the Value Project Partners.<\/p>\t\t\t\t\t\t\t\t<\/div>\n\t\t\t\t<\/div>\n\t\t\t\t<\/div>\n\t\t\t\t\t<\/div>\n\t\t\t\t<\/div>\n\t\t<div class=\"elementor-element elementor-element-fd2caf0 e-flex e-con-boxed e-con e-child\" data-id=\"fd2caf0\" data-element_type=\"container\" data-e-type=\"container\" data-settings=\"{&quot;background_background&quot;:&quot;classic&quot;}\">\n\t\t\t\t\t<div class=\"e-con-inner\">\n\t\t<div class=\"elementor-element elementor-element-cfbc140 e-con-full e-flex e-con e-child\" data-id=\"cfbc140\" data-element_type=\"container\" data-e-type=\"container\">\n\t\t\t\t<div class=\"elementor-element elementor-element-1e92454 elementor-widget elementor-widget-image\" data-id=\"1e92454\" data-element_type=\"widget\" data-e-type=\"widget\" data-widget_type=\"image.default\">\n\t\t\t\t<div class=\"elementor-widget-container\">\n\t\t\t\t\t\t\t\t\t\t\t\t\t\t\t<img loading=\"lazy\" decoding=\"async\" width=\"300\" height=\"168\" src=\"https:\/\/transnationinnovation.de\/wp-content\/uploads\/2023\/08\/79488ad1-6558-48c1-81c9-6c04ef6af3a3-300x168.jpg\" class=\"attachment-medium size-medium wp-image-759\" alt=\"\" srcset=\"https:\/\/transnationinnovation.de\/wp-content\/uploads\/2023\/08\/79488ad1-6558-48c1-81c9-6c04ef6af3a3-300x168.jpg 300w, https:\/\/transnationinnovation.de\/wp-content\/uploads\/2023\/08\/79488ad1-6558-48c1-81c9-6c04ef6af3a3-768x430.jpg 768w, https:\/\/transnationinnovation.de\/wp-content\/uploads\/2023\/08\/79488ad1-6558-48c1-81c9-6c04ef6af3a3.jpg 800w\" sizes=\"(max-width: 300px) 100vw, 300px\" \/>\t\t\t\t\t\t\t\t\t\t\t\t\t\t\t<\/div>\n\t\t\t\t<\/div>\n\t\t\t\t<\/div>\n\t\t<div class=\"elementor-element elementor-element-68de31b e-con-full e-flex e-con e-child\" data-id=\"68de31b\" data-element_type=\"container\" data-e-type=\"container\">\n\t\t\t\t<div class=\"elementor-element elementor-element-07ddc19 elementor-widget elementor-widget-text-editor\" data-id=\"07ddc19\" data-element_type=\"widget\" data-e-type=\"widget\" data-widget_type=\"text-editor.default\">\n\t\t\t\t<div class=\"elementor-widget-container\">\n\t\t\t\t\t\t\t\t\t<p>The <b>Co-Creation-meetings<\/b> invite participants to present and discuss their own use\ncases and projects as a group.<br><\/p>\t\t\t\t\t\t\t\t<\/div>\n\t\t\t\t<\/div>\n\t\t\t\t<\/div>\n\t\t\t\t\t<\/div>\n\t\t\t\t<\/div>\n\t\t<div class=\"elementor-element elementor-element-124dd16 e-flex e-con-boxed e-con e-child\" data-id=\"124dd16\" data-element_type=\"container\" data-e-type=\"container\" data-settings=\"{&quot;background_background&quot;:&quot;classic&quot;}\">\n\t\t\t\t\t<div class=\"e-con-inner\">\n\t\t<div class=\"elementor-element elementor-element-f02e488 e-con-full e-flex e-con e-child\" data-id=\"f02e488\" data-element_type=\"container\" data-e-type=\"container\">\n\t\t\t\t<div class=\"elementor-element elementor-element-598b0e3 elementor-widget elementor-widget-image\" data-id=\"598b0e3\" data-element_type=\"widget\" data-e-type=\"widget\" data-widget_type=\"image.default\">\n\t\t\t\t<div class=\"elementor-widget-container\">\n\t\t\t\t\t\t\t\t\t\t\t\t\t\t\t<img loading=\"lazy\" decoding=\"async\" width=\"300\" height=\"169\" src=\"https:\/\/transnationinnovation.de\/wp-content\/uploads\/2023\/08\/ca52d63b-ef74-4652-9ca0-74955d95b916-300x169.jpg\" class=\"attachment-medium size-medium wp-image-763\" alt=\"\" srcset=\"https:\/\/transnationinnovation.de\/wp-content\/uploads\/2023\/08\/ca52d63b-ef74-4652-9ca0-74955d95b916-300x169.jpg 300w, https:\/\/transnationinnovation.de\/wp-content\/uploads\/2023\/08\/ca52d63b-ef74-4652-9ca0-74955d95b916-768x433.jpg 768w, https:\/\/transnationinnovation.de\/wp-content\/uploads\/2023\/08\/ca52d63b-ef74-4652-9ca0-74955d95b916.jpg 799w\" sizes=\"(max-width: 300px) 100vw, 300px\" \/>\t\t\t\t\t\t\t\t\t\t\t\t\t\t\t<\/div>\n\t\t\t\t<\/div>\n\t\t\t\t<\/div>\n\t\t<div class=\"elementor-element elementor-element-76dd3ff e-con-full e-flex e-con e-child\" data-id=\"76dd3ff\" data-element_type=\"container\" data-e-type=\"container\">\n\t\t\t\t<div class=\"elementor-element elementor-element-9c86c50 elementor-widget elementor-widget-text-editor\" data-id=\"9c86c50\" data-element_type=\"widget\" data-e-type=\"widget\" data-widget_type=\"text-editor.default\">\n\t\t\t\t<div class=\"elementor-widget-container\">\n\t\t\t\t\t\t\t\t\t<p>The <b>Silicon Valley Symposium<\/b> explores Silicon Valley's recipe for growth and innovation and combines academic knowledge with the practice of innovative companies.<\/p>\t\t\t\t\t\t\t\t<\/div>\n\t\t\t\t<\/div>\n\t\t\t\t<\/div>\n\t\t\t\t\t<\/div>\n\t\t\t\t<\/div>\n\t\t\t\t\t<\/div>\n\t\t\t\t<\/div>\n\t\t<div class=\"elementor-element elementor-element-ea00a0d e-flex e-con-boxed e-con e-child\" data-id=\"ea00a0d\" data-element_type=\"container\" data-e-type=\"container\">\n\t\t\t\t\t<div class=\"e-con-inner\">\n\t\t<div class=\"elementor-element elementor-element-4d5973b e-flex e-con-boxed e-con e-child\" data-id=\"4d5973b\" data-element_type=\"container\" data-e-type=\"container\" data-settings=\"{&quot;background_background&quot;:&quot;classic&quot;}\">\n\t\t\t\t\t<div class=\"e-con-inner\">\n\t\t\t\t<div class=\"elementor-element elementor-element-0504c1a elementor-view-default elementor-widget elementor-widget-icon\" data-id=\"0504c1a\" data-element_type=\"widget\" data-e-type=\"widget\" data-widget_type=\"icon.default\">\n\t\t\t\t<div class=\"elementor-widget-container\">\n\t\t\t\t\t\t\t<div class=\"elementor-icon-wrapper\">\n\t\t\t<div class=\"elementor-icon\">\n\t\t\t<i aria-hidden=\"true\" class=\"fas fa-check\"><\/i>\t\t\t<\/div>\n\t\t<\/div>\n\t\t\t\t\t\t<\/div>\n\t\t\t\t<\/div>\n\t\t\t\t<div class=\"elementor-element elementor-element-b8b0039 elementor-widget elementor-widget-text-editor\" data-id=\"b8b0039\" data-element_type=\"widget\" data-e-type=\"widget\" data-widget_type=\"text-editor.default\">\n\t\t\t\t<div class=\"elementor-widget-container\">\n\t\t\t\t\t\t\t\t\t<h3 style=\"text-align: center;\">Interaction \u00b7 Learning \u00b7 Networking<\/h3>\t\t\t\t\t\t\t\t<\/div>\n\t\t\t\t<\/div>\n\t\t\t\t\t<\/div>\n\t\t\t\t<\/div>\n\t\t\t\t\t<\/div>\n\t\t\t\t<\/div>\n\t\t\t\t\t<\/div>\n\t\t\t\t<\/div>\n\t\t\t\t\t<\/div>\n\t\t\t\t<\/div>\n\t\t\t\t\t<\/div>\n\t\t\t\t<\/div>\n\t\t\t\t<\/div>\n\t\t\t\t\t<\/div>\n\t\t\t\t<\/div>\n\t\t\t\t<\/div>","protected":false},"excerpt":{"rendered":"<p>Mit-Lernen Vernetzung von Forschung, Praxis und neuen \u00d6kosystemen Das Institut f\u00fcr Performance Management (IPM) steht f\u00fcr die Forschungsleistung des Projekts und bietet den teilnehmenden Unternehmen und Institutionen vertiefte Einblicke in die relevanten Themen Innovationskultur, Entrepreneurial Mindset sowie Foresight &amp; Future Literacy. Innovationskultur Eine erfolgreiche Innovation erfordert nicht nur technologische Fortschritte, sondern auch eine positive Unternehmenskultur. [&hellip;]<\/p>\n","protected":false},"author":1,"featured_media":0,"parent":0,"menu_order":0,"comment_status":"closed","ping_status":"closed","template":"","meta":{"_acf_changed":false,"inline_featured_image":false,"footnotes":""},"class_list":["post-1054","page","type-page","status-publish","hentry"],"acf":[],"_links":{"self":[{"href":"https:\/\/transnationinnovation.de\/en\/wp-json\/wp\/v2\/pages\/1054","targetHints":{"allow":["GET"]}}],"collection":[{"href":"https:\/\/transnationinnovation.de\/en\/wp-json\/wp\/v2\/pages"}],"about":[{"href":"https:\/\/transnationinnovation.de\/en\/wp-json\/wp\/v2\/types\/page"}],"author":[{"embeddable":true,"href":"https:\/\/transnationinnovation.de\/en\/wp-json\/wp\/v2\/users\/1"}],"replies":[{"embeddable":true,"href":"https:\/\/transnationinnovation.de\/en\/wp-json\/wp\/v2\/comments?post=1054"}],"version-history":[{"count":22,"href":"https:\/\/transnationinnovation.de\/en\/wp-json\/wp\/v2\/pages\/1054\/revisions"}],"predecessor-version":[{"id":2537,"href":"https:\/\/transnationinnovation.de\/en\/wp-json\/wp\/v2\/pages\/1054\/revisions\/2537"}],"wp:attachment":[{"href":"https:\/\/transnationinnovation.de\/en\/wp-json\/wp\/v2\/media?parent=1054"}],"curies":[{"name":"wp","href":"https:\/\/api.w.org\/{rel}","templated":true}]}}